{"id":7750,"date":"2024-03-14T23:19:35","date_gmt":"2024-03-14T23:19:35","guid":{"rendered":"https:\/\/dssegurosloures.pt\/?page_id=7750"},"modified":"2024-10-09T16:34:00","modified_gmt":"2024-10-09T16:34:00","slug":"resolucao-alternativa-de-litigios","status":"publish","type":"page","link":"https:\/\/dssegurosloures.pt\/en\/resolucao-alternativa-de-litigios\/","title":{"rendered":"Alternative Dispute Resolution (ADR)"},"content":{"rendered":"<div data-elementor-type=\"wp-page\" data-elementor-id=\"7750\" class=\"elementor elementor-7750\" data-elementor-post-type=\"page\">\n\t\t\t\t<div class=\"elementor-element elementor-element-2086719 e-con-full e-flex e-con e-parent\" data-id=\"2086719\" data-element_type=\"container\" data-e-type=\"container\" data-settings=\"{&quot;background_background&quot;:&quot;classic&quot;,&quot;shape_divider_bottom&quot;:&quot;curve&quot;,&quot;shape_divider_bottom_negative&quot;:&quot;yes&quot;}\">\n\t\t\t\t<div class=\"elementor-shape elementor-shape-bottom\" aria-hidden=\"true\" data-negative=\"true\">\n\t\t\t<svg xmlns=\"http:\/\/www.w3.org\/2000\/svg\" viewbox=\"0 0 1000 100\" preserveaspectratio=\"none\">\n\t<path class=\"elementor-shape-fill\" d=\"M500,97C126.7,96.3,0.8,19.8,0,0v100l1000,0V1C1000,19.4,873.3,97.8,500,97z\"\/>\n<\/svg>\t\t<\/div>\n\t\t<div class=\"elementor-element elementor-element-8a1d7a3 e-flex e-con-boxed e-con e-child\" data-id=\"8a1d7a3\" data-element_type=\"container\" data-e-type=\"container\">\n\t\t\t\t\t<div class=\"e-con-inner\">\n\t\t\t\t<div class=\"elementor-element elementor-element-fe6725d elementor-invisible elementor-widget elementor-widget-heading\" data-id=\"fe6725d\" data-element_type=\"widget\" data-e-type=\"widget\" data-settings=\"{&quot;_animation&quot;:&quot;bounceInLeft&quot;}\" data-widget_type=\"heading.default\">\n\t\t\t\t<div class=\"elementor-widget-container\">\n\t\t\t\t\t<h1 class=\"elementor-heading-title elementor-size-default\">Resolu\u00e7\u00e3o<\/h1>\t\t\t\t<\/div>\n\t\t\t\t<\/div>\n\t\t\t\t<div class=\"elementor-element elementor-element-83538c2 elementor-invisible elementor-widget elementor-widget-heading\" data-id=\"83538c2\" data-element_type=\"widget\" data-e-type=\"widget\" data-settings=\"{&quot;_animation&quot;:&quot;bounceInLeft&quot;}\" data-widget_type=\"heading.default\">\n\t\t\t\t<div class=\"elementor-widget-container\">\n\t\t\t\t\t<h1 class=\"elementor-heading-title elementor-size-default\">Alternativa de Lit\u00edgios<\/h1>\t\t\t\t<\/div>\n\t\t\t\t<\/div>\n\t\t\t\t\t<\/div>\n\t\t\t\t<\/div>\n\t\t\t\t<\/div>\n\t\t<div class=\"elementor-element elementor-element-93fa12d e-flex e-con-boxed e-con e-parent\" data-id=\"93fa12d\" data-element_type=\"container\" data-e-type=\"container\" data-settings=\"{&quot;background_background&quot;:&quot;classic&quot;}\">\n\t\t\t\t\t<div class=\"e-con-inner\">\n\t\t\t\t<div class=\"elementor-element elementor-element-f3fe695 premium-title-color elementor-widget elementor-widget-premium-addon-title\" data-id=\"f3fe695\" data-element_type=\"widget\" data-e-type=\"widget\" data-widget_type=\"premium-addon-title.default\">\n\t\t\t\t<div class=\"elementor-widget-container\">\n\t\t\t\t\t\n\t\t<div class=\"premium-title-wrapper\">\n\t\t\t<div class=\"premium-title-container style1\">\n\t\t\t\t<h2 class=\"premium-title-header premium-title-style1\">\n\t\t\t\t\t\n\t\t\t\t\t\n\t\t\t\t\t\t\t\t\t\t\t\t\t\t\t<span class=\"premium-title-text\">\n\t\t\t\t\t\tInformation\t\t\t\t\t<\/span>\n\t\t\t\t\t\t\n\t\t\t\t\t\t\t\t\t\t\n\t\t\t\t\t\t\t\t\t<\/h2>\n\n\t\t\t<\/div>\n\n\t\t\t\t\t<\/div>\n\n\t\t\t\t\t\t<\/div>\n\t\t\t\t<\/div>\n\t\t\t\t\t<\/div>\n\t\t\t\t<\/div>\n\t\t<div class=\"elementor-element elementor-element-19629c2 e-flex e-con-boxed e-con e-parent\" data-id=\"19629c2\" data-element_type=\"container\" data-e-type=\"container\" data-settings=\"{&quot;background_background&quot;:&quot;classic&quot;}\">\n\t\t\t\t\t<div class=\"e-con-inner\">\n\t\t<div class=\"elementor-element elementor-element-55005d3 e-con-full e-flex e-con e-child\" data-id=\"55005d3\" data-element_type=\"container\" data-e-type=\"container\" data-settings=\"{&quot;background_background&quot;:&quot;classic&quot;}\">\n\t\t\t\t<div class=\"elementor-element elementor-element-a5cb3fb elementor-widget elementor-widget-text-editor\" data-id=\"a5cb3fb\" data-element_type=\"widget\" data-e-type=\"widget\" data-widget_type=\"text-editor.default\">\n\t\t\t\t<div class=\"elementor-widget-container\">\n\t\t\t\t\t\t\t\t\t<p>In the event of a dispute, the consumer can turn to an Alternative Dispute Resolution Organisation:<\/p><p>CACCL (Centro de Arbitragem de Conflitos de Consumo \u2013 Lisboa).<\/p><p>Rua dos Douradores n.\u00ba 116, 2\u00ba, 1100 \u2013 207 Lisboa<\/p><p><a title=\"Endere\u00e7o eletr\u00f3nico do Centro de Arbitragem de Conflitos de Consumo de Lisboa (CACCL). #2\" href=\"mailto:juridico@centroarbitragemlisboa.pt\">juridico@centroarbitragemlisboa.pt<\/a><\/p><p><a href=\"http:\/\/www.centroarbitragemlisboa.pt\/\">http:\/\/www.centroarbitragemlisboa.pt\/<\/a><\/p><p>\u00a0<\/p><p>CNIACC (Centro Nacional de Informa\u00e7\u00e3o e Arbitragem de Conflitos de Consumo).<\/p><p>Rua D. Afonso Henriques, 1 4700-030 Braga<\/p><p><a href=\"mailto:geral@cniacc.pt\">geral@cniacc.pt<\/a><\/p><p><a href=\"https:\/\/www.cniacc.pt\/\">https:\/\/www.cniacc.pt\/<\/a><\/p><p>Mais informa\u00e7\u00f5es em Portal do Consumidor\u00a0<a href=\"http:\/\/www.consumidor.pt\/\">www.consumidor.pt<\/a><\/p>\t\t\t\t\t\t\t\t<\/div>\n\t\t\t\t<\/div>\n\t\t\t\t<\/div>\n\t\t\t\t\t<\/div>\n\t\t\t\t<\/div>\n\t\t<div class=\"elementor-element elementor-element-46c618c e-flex e-con-boxed e-con e-parent\" data-id=\"46c618c\" data-element_type=\"container\" data-e-type=\"container\" id=\"protocolos\" data-settings=\"{&quot;background_background&quot;:&quot;classic&quot;}\">\n\t\t\t\t\t<div class=\"e-con-inner\">\n\t\t<div class=\"elementor-element elementor-element-d9b0c50 e-flex e-con-boxed e-con e-child\" data-id=\"d9b0c50\" data-element_type=\"container\" data-e-type=\"container\">\n\t\t\t\t\t<div class=\"e-con-inner\">\n\t\t<div class=\"elementor-element elementor-element-1a21ce0 e-con-full e-flex e-con e-child\" data-id=\"1a21ce0\" data-element_type=\"container\" data-e-type=\"container\">\n\t\t\t\t<div class=\"elementor-element elementor-element-009d427 premium-title-icon-row premium-title-color elementor-widget elementor-widget-premium-addon-title\" data-id=\"009d427\" data-element_type=\"widget\" data-e-type=\"widget\" data-widget_type=\"premium-addon-title.default\">\n\t\t\t\t<div class=\"elementor-widget-container\">\n\t\t\t\t\t\n\t\t<div class=\"premium-title-wrapper\">\n\t\t\t<div class=\"premium-title-container style1\">\n\t\t\t\t<h2 class=\"premium-title-header premium-title-style1\">\n\t\t\t\t\t\n\t\t\t\t\t\t\t\t\t\t\t\t\t\t\t\t\t\t<svg class=\"premium-title-icon premium-svg-nodraw premium-drawable-icon e-font-icon-svg e-fas-hands-helping\" aria-hidden=\"true\" viewbox=\"0 0 640 512\" xmlns=\"http:\/\/www.w3.org\/2000\/svg\"><path d=\"M488 192H336v56c0 39.7-32.3 72-72 72s-72-32.3-72-72V126.4l-64.9 39C107.8 176.9 96 197.8 96 220.2v47.3l-80 46.2C.7 322.5-4.6 342.1 4.3 357.4l80 138.6c8.8 15.3 28.4 20.5 43.7 11.7L231.4 448H368c35.3 0 64-28.7 64-64h16c17.7 0 32-14.3 32-32v-64h8c13.3 0 24-10.7 24-24v-48c0-13.3-10.7-24-24-24zm147.7-37.4L555.7 16C546.9.7 527.3-4.5 512 4.3L408.6 64H306.4c-12 0-23.7 3.4-33.9 9.7L239 94.6c-9.4 5.8-15 16.1-15 27.1V248c0 22.1 17.9 40 40 40s40-17.9 40-40v-88h184c30.9 0 56 25.1 56 56v28.5l80-46.2c15.3-8.9 20.5-28.4 11.7-43.7z\"><\/path><\/svg>\n\t\t\t\t\t\t\t\t\t\t\t\n\t\t\t\t\t\t\t\t\t\t\t\t\t\t\t<span class=\"premium-title-text\">\n\t\t\t\t\t\tProtocols\t\t\t\t\t<\/span>\n\t\t\t\t\t\t\n\t\t\t\t\t\t\t\t\t\t\n\t\t\t\t\t\t\t\t\t<\/h2>\n\n\t\t\t<\/div>\n\n\t\t\t\t\t<\/div>\n\n\t\t\t\t\t\t<\/div>\n\t\t\t\t<\/div>\n\t\t\t\t<div class=\"elementor-element elementor-element-fd81dfb elementor-widget elementor-widget-text-editor\" data-id=\"fd81dfb\" data-element_type=\"widget\" data-e-type=\"widget\" data-widget_type=\"text-editor.default\">\n\t\t\t\t<div class=\"elementor-widget-container\">\n\t\t\t\t\t\t\t\t\t<p><strong>A DS INTERMEDI\u00c1RIOS DE CR\u00c9DITO LOURES \u00e9 um Intermedi\u00e1rio de Cr\u00e9dito vinculado, registado no Banco de Portugal sob o n\u00ba 0006928.<\/strong>\u00a0Estabelecemos parcerias s\u00f3lidas com diversas institui\u00e7\u00f5es financeiras, o que nos possibilita apresentar aos nossos clientes condi\u00e7\u00f5es de empr\u00e9stimo altamente competitivas.<\/p><p><strong>As nossas rela\u00e7\u00f5es privilegiadas com institui\u00e7\u00f5es de renome permitem-nos negociar as melhores condi\u00e7\u00f5es de financiamento, adaptadas exatamente \u00e0s suas necessidades.<\/strong>\u00a0Na DS Intermedi\u00e1rios de Cr\u00e9dito Loures, o seu sucesso financeiro \u00e9 a nossa miss\u00e3o, e estamos prontos para ajudar a transformar os seus projetos em realidade!<\/p>\t\t\t\t\t\t\t\t<\/div>\n\t\t\t\t<\/div>\n\t\t\t\t<\/div>\n\t\t<div class=\"elementor-element elementor-element-f9df074 e-flex e-con-boxed e-con e-child\" data-id=\"f9df074\" data-element_type=\"container\" data-e-type=\"container\" data-settings=\"{&quot;background_background&quot;:&quot;classic&quot;}\">\n\t\t\t\t\t<div class=\"e-con-inner\">\n\t\t\t\t<div class=\"elementor-element elementor-element-d3809dc gallery-spacing-custom elementor-widget elementor-widget-image-gallery\" data-id=\"d3809dc\" data-element_type=\"widget\" data-e-type=\"widget\" data-widget_type=\"image-gallery.default\">\n\t\t\t\t<div class=\"elementor-widget-container\">\n\t\t\t\t\t\t\t<div class=\"elementor-image-gallery\">\n\t\t\t<div id='gallery-1' class='gallery galleryid-7750 gallery-columns-3 gallery-size-full'><figure class='gallery-item'>\n\t\t\t<div class='gallery-icon landscape'>\n\t\t\t\t<img decoding=\"async\" width=\"313\" height=\"107\" src=\"https:\/\/dssegurosloures.pt\/wp-content\/uploads\/2024\/03\/bancoctt.webp\" class=\"attachment-full size-full\" alt=\"\" srcset=\"https:\/\/dssegurosloures.pt\/wp-content\/uploads\/2024\/03\/bancoctt.webp 313w, https:\/\/dssegurosloures.pt\/wp-content\/uploads\/2024\/03\/bancoctt-300x103.webp 300w\" sizes=\"(max-width: 313px) 100vw, 313px\" \/>\n\t\t\t<\/div><\/figure><figure class='gallery-item'>\n\t\t\t<div class='gallery-icon landscape'>\n\t\t\t\t<img decoding=\"async\" width=\"313\" height=\"107\" src=\"https:\/\/dssegurosloures.pt\/wp-content\/uploads\/2024\/03\/bankinter.webp\" class=\"attachment-full size-full\" alt=\"\" srcset=\"https:\/\/dssegurosloures.pt\/wp-content\/uploads\/2024\/03\/bankinter.webp 313w, https:\/\/dssegurosloures.pt\/wp-content\/uploads\/2024\/03\/bankinter-300x103.webp 300w\" sizes=\"(max-width: 313px) 100vw, 313px\" \/>\n\t\t\t<\/div><\/figure><figure class='gallery-item'>\n\t\t\t<div class='gallery-icon landscape'>\n\t\t\t\t<img decoding=\"async\" width=\"313\" height=\"107\" src=\"https:\/\/dssegurosloures.pt\/wp-content\/uploads\/2024\/03\/bpi.webp\" class=\"attachment-full size-full\" alt=\"\" srcset=\"https:\/\/dssegurosloures.pt\/wp-content\/uploads\/2024\/03\/bpi.webp 313w, https:\/\/dssegurosloures.pt\/wp-content\/uploads\/2024\/03\/bpi-300x103.webp 300w\" sizes=\"(max-width: 313px) 100vw, 313px\" \/>\n\t\t\t<\/div><\/figure><figure class='gallery-item'>\n\t\t\t<div class='gallery-icon landscape'>\n\t\t\t\t<img loading=\"lazy\" decoding=\"async\" width=\"313\" height=\"107\" src=\"https:\/\/dssegurosloures.pt\/wp-content\/uploads\/2024\/03\/caixageraldedepositos.webp\" class=\"attachment-full size-full\" alt=\"\" srcset=\"https:\/\/dssegurosloures.pt\/wp-content\/uploads\/2024\/03\/caixageraldedepositos.webp 313w, https:\/\/dssegurosloures.pt\/wp-content\/uploads\/2024\/03\/caixageraldedepositos-300x103.webp 300w\" sizes=\"(max-width: 313px) 100vw, 313px\" \/>\n\t\t\t<\/div><\/figure><figure class='gallery-item'>\n\t\t\t<div class='gallery-icon landscape'>\n\t\t\t\t<img loading=\"lazy\" decoding=\"async\" width=\"313\" height=\"107\" src=\"https:\/\/dssegurosloures.pt\/wp-content\/uploads\/2024\/03\/novobanco.webp\" class=\"attachment-full size-full\" alt=\"\" srcset=\"https:\/\/dssegurosloures.pt\/wp-content\/uploads\/2024\/03\/novobanco.webp 313w, https:\/\/dssegurosloures.pt\/wp-content\/uploads\/2024\/03\/novobanco-300x103.webp 300w\" sizes=\"(max-width: 313px) 100vw, 313px\" \/>\n\t\t\t<\/div><\/figure><figure class='gallery-item'>\n\t\t\t<div class='gallery-icon landscape'>\n\t\t\t\t<img loading=\"lazy\" decoding=\"async\" width=\"313\" height=\"107\" src=\"https:\/\/dssegurosloures.pt\/wp-content\/uploads\/2024\/03\/santander.webp\" class=\"attachment-full size-full\" alt=\"\" srcset=\"https:\/\/dssegurosloures.pt\/wp-content\/uploads\/2024\/03\/santander.webp 313w, https:\/\/dssegurosloures.pt\/wp-content\/uploads\/2024\/03\/santander-300x103.webp 300w\" sizes=\"(max-width: 313px) 100vw, 313px\" \/>\n\t\t\t<\/div><\/figure><figure class='gallery-item'>\n\t\t\t<div class='gallery-icon landscape'>\n\t\t\t\t<img loading=\"lazy\" decoding=\"async\" width=\"313\" height=\"107\" src=\"https:\/\/dssegurosloures.pt\/wp-content\/uploads\/2024\/03\/unicre.webp\" class=\"attachment-full size-full\" alt=\"\" srcset=\"https:\/\/dssegurosloures.pt\/wp-content\/uploads\/2024\/03\/unicre.webp 313w, https:\/\/dssegurosloures.pt\/wp-content\/uploads\/2024\/03\/unicre-300x103.webp 300w\" sizes=\"(max-width: 313px) 100vw, 313px\" \/>\n\t\t\t<\/div><\/figure><figure class='gallery-item'>\n\t\t\t<div class='gallery-icon landscape'>\n\t\t\t\t<img loading=\"lazy\" decoding=\"async\" width=\"313\" height=\"107\" src=\"https:\/\/dssegurosloures.pt\/wp-content\/uploads\/2024\/03\/abanca.webp\" class=\"attachment-full size-full\" alt=\"\" srcset=\"https:\/\/dssegurosloures.pt\/wp-content\/uploads\/2024\/03\/abanca.webp 313w, https:\/\/dssegurosloures.pt\/wp-content\/uploads\/2024\/03\/abanca-300x103.webp 300w\" sizes=\"(max-width: 313px) 100vw, 313px\" \/>\n\t\t\t<\/div><\/figure><figure class='gallery-item'>\n\t\t\t<div class='gallery-icon landscape'>\n\t\t\t\t<img loading=\"lazy\" decoding=\"async\" width=\"313\" height=\"107\" src=\"https:\/\/dssegurosloures.pt\/wp-content\/uploads\/2024\/03\/credito-agricola.webp\" class=\"attachment-full size-full\" alt=\"\" srcset=\"https:\/\/dssegurosloures.pt\/wp-content\/uploads\/2024\/03\/credito-agricola.webp 313w, https:\/\/dssegurosloures.pt\/wp-content\/uploads\/2024\/03\/credito-agricola-300x103.webp 300w\" sizes=\"(max-width: 313px) 100vw, 313px\" \/>\n\t\t\t<\/div><\/figure><figure class='gallery-item'>\n\t\t\t<div class='gallery-icon landscape'>\n\t\t\t\t<img loading=\"lazy\" decoding=\"async\" width=\"313\" height=\"107\" src=\"https:\/\/dssegurosloures.pt\/wp-content\/uploads\/2024\/03\/uci.webp\" class=\"attachment-full size-full\" alt=\"\" srcset=\"https:\/\/dssegurosloures.pt\/wp-content\/uploads\/2024\/03\/uci.webp 313w, https:\/\/dssegurosloures.pt\/wp-content\/uploads\/2024\/03\/uci-300x103.webp 300w\" sizes=\"(max-width: 313px) 100vw, 313px\" \/>\n\t\t\t<\/div><\/figure>\n\t\t<\/div>\n\t\t<\/div>\n\t\t\t\t\t\t<\/div>\n\t\t\t\t<\/div>\n\t\t\t\t\t<\/div>\n\t\t\t\t<\/div>\n\t\t\t\t\t<\/div>\n\t\t\t\t<\/div>\n\t\t\t\t\t<\/div>\n\t\t\t\t<\/div>\n\t\t\t\t<\/div>","protected":false},"excerpt":{"rendered":"<p>Resolu\u00e7\u00e3o Alternativa de Lit\u00edgios Informa\u00e7\u00e3o Em caso de lit\u00edgio o consumidor pode recorrer a uma Entidade de Resolu\u00e7\u00e3o Alternativa de Lit\u00edgios de consumo: CACCL (Centro de Arbitragem de Conflitos de Consumo \u2013 Lisboa). Rua dos Douradores n.\u00ba 116, 2\u00ba, 1100 \u2013 207 Lisboa juridico@centroarbitragemlisboa.pt http:\/\/www.centroarbitragemlisboa.pt\/ \u00a0 CNIACC (Centro Nacional de Informa\u00e7\u00e3o e Arbitragem de Conflitos [&hellip;]<\/p>\n","protected":false},"author":1,"featured_media":8051,"parent":0,"menu_order":0,"comment_status":"closed","ping_status":"closed","template":"elementor_header_footer","meta":{"footnotes":""},"class_list":["post-7750","page","type-page","status-publish","has-post-thumbnail","hentry"],"blocksy_meta":[],"yoast_head":"<!-- This site is optimized with the Yoast SEO plugin v27.5 - https:\/\/yoast.com\/product\/yoast-seo-wordpress\/ -->\n<title>Resolu\u00e7\u00e3o Alternativa de Lit\u00edgios - DS SEGUROS LOURES<\/title>\n<meta name=\"robots\" content=\"index, follow, max-snippet:-1, max-image-preview:large, max-video-preview:-1\" \/>\n<link rel=\"canonical\" href=\"https:\/\/dssegurosloures.pt\/en\/resolucao-alternativa-de-litigios\/\" \/>\n<meta property=\"og:locale\" content=\"en_GB\" \/>\n<meta property=\"og:type\" content=\"article\" \/>\n<meta property=\"og:title\" content=\"Resolu\u00e7\u00e3o Alternativa de Lit\u00edgios - DS SEGUROS LOURES\" \/>\n<meta property=\"og:description\" content=\"Resolu\u00e7\u00e3o Alternativa de Lit\u00edgios Informa\u00e7\u00e3o Em caso de lit\u00edgio o consumidor pode recorrer a uma Entidade de Resolu\u00e7\u00e3o Alternativa de Lit\u00edgios de consumo: CACCL (Centro de Arbitragem de Conflitos de Consumo \u2013 Lisboa). Rua dos Douradores n.\u00ba 116, 2\u00ba, 1100 \u2013 207 Lisboa juridico@centroarbitragemlisboa.pt http:\/\/www.centroarbitragemlisboa.pt\/ \u00a0 CNIACC (Centro Nacional de Informa\u00e7\u00e3o e Arbitragem de Conflitos [&hellip;]\" \/>\n<meta property=\"og:url\" content=\"https:\/\/dssegurosloures.pt\/en\/resolucao-alternativa-de-litigios\/\" \/>\n<meta property=\"og:site_name\" content=\"DS SEGUROS LOURES\" \/>\n<meta property=\"article:publisher\" content=\"https:\/\/www.facebook.com\/DSSEGUROSLOURES\" \/>\n<meta property=\"article:modified_time\" content=\"2024-10-09T16:34:00+00:00\" \/>\n<meta property=\"og:image\" content=\"https:\/\/dssegurosloures.pt\/wp-content\/uploads\/2024\/04\/img-1.jpeg\" \/>\n\t<meta property=\"og:image:width\" content=\"1525\" \/>\n\t<meta property=\"og:image:height\" content=\"1017\" \/>\n\t<meta property=\"og:image:type\" content=\"image\/jpeg\" \/>\n<meta name=\"twitter:card\" content=\"summary_large_image\" \/>\n<meta name=\"twitter:label1\" content=\"Estimated reading time\" \/>\n\t<meta name=\"twitter:data1\" content=\"1 minute\" \/>\n<!-- \/ Yoast SEO plugin. -->","yoast_head_json":{"title":"Resolu\u00e7\u00e3o Alternativa de Lit\u00edgios - DS SEGUROS LOURES","robots":{"index":"index","follow":"follow","max-snippet":"max-snippet:-1","max-image-preview":"max-image-preview:large","max-video-preview":"max-video-preview:-1"},"canonical":"https:\/\/dssegurosloures.pt\/en\/resolucao-alternativa-de-litigios\/","og_locale":"en_GB","og_type":"article","og_title":"Resolu\u00e7\u00e3o Alternativa de Lit\u00edgios - DS SEGUROS LOURES","og_description":"Resolu\u00e7\u00e3o Alternativa de Lit\u00edgios Informa\u00e7\u00e3o Em caso de lit\u00edgio o consumidor pode recorrer a uma Entidade de Resolu\u00e7\u00e3o Alternativa de Lit\u00edgios de consumo: CACCL (Centro de Arbitragem de Conflitos de Consumo \u2013 Lisboa). Rua dos Douradores n.\u00ba 116, 2\u00ba, 1100 \u2013 207 Lisboa juridico@centroarbitragemlisboa.pt http:\/\/www.centroarbitragemlisboa.pt\/ \u00a0 CNIACC (Centro Nacional de Informa\u00e7\u00e3o e Arbitragem de Conflitos [&hellip;]","og_url":"https:\/\/dssegurosloures.pt\/en\/resolucao-alternativa-de-litigios\/","og_site_name":"DS SEGUROS LOURES","article_publisher":"https:\/\/www.facebook.com\/DSSEGUROSLOURES","article_modified_time":"2024-10-09T16:34:00+00:00","og_image":[{"width":1525,"height":1017,"url":"https:\/\/dssegurosloures.pt\/wp-content\/uploads\/2024\/04\/img-1.jpeg","type":"image\/jpeg"}],"twitter_card":"summary_large_image","twitter_misc":{"Estimated reading time":"1 minute"},"schema":{"@context":"https:\/\/schema.org","@graph":[{"@type":"WebPage","@id":"https:\/\/dssegurosloures.pt\/en\/resolucao-alternativa-de-litigios\/","url":"https:\/\/dssegurosloures.pt\/en\/resolucao-alternativa-de-litigios\/","name":"Resolu\u00e7\u00e3o Alternativa de Lit\u00edgios - DS SEGUROS LOURES","isPartOf":{"@id":"https:\/\/dssegurosloures.pt\/en\/#website"},"primaryImageOfPage":{"@id":"https:\/\/dssegurosloures.pt\/en\/resolucao-alternativa-de-litigios\/#primaryimage"},"image":{"@id":"https:\/\/dssegurosloures.pt\/en\/resolucao-alternativa-de-litigios\/#primaryimage"},"thumbnailUrl":"https:\/\/dssegurosloures.pt\/wp-content\/uploads\/2024\/04\/img-1.jpeg","datePublished":"2024-03-14T23:19:35+00:00","dateModified":"2024-10-09T16:34:00+00:00","breadcrumb":{"@id":"https:\/\/dssegurosloures.pt\/en\/resolucao-alternativa-de-litigios\/#breadcrumb"},"inLanguage":"en-GB","potentialAction":[{"@type":"ReadAction","target":["https:\/\/dssegurosloures.pt\/en\/resolucao-alternativa-de-litigios\/"]}]},{"@type":"ImageObject","inLanguage":"en-GB","@id":"https:\/\/dssegurosloures.pt\/en\/resolucao-alternativa-de-litigios\/#primaryimage","url":"https:\/\/dssegurosloures.pt\/wp-content\/uploads\/2024\/04\/img-1.jpeg","contentUrl":"https:\/\/dssegurosloures.pt\/wp-content\/uploads\/2024\/04\/img-1.jpeg","width":1525,"height":1017},{"@type":"BreadcrumbList","@id":"https:\/\/dssegurosloures.pt\/en\/resolucao-alternativa-de-litigios\/#breadcrumb","itemListElement":[{"@type":"ListItem","position":1,"name":"In\u00edcio","item":"https:\/\/dssegurosloures.pt\/en\/"},{"@type":"ListItem","position":2,"name":"Resolu\u00e7\u00e3o Alternativa de Lit\u00edgios"}]},{"@type":"WebSite","@id":"https:\/\/dssegurosloures.pt\/en\/#website","url":"https:\/\/dssegurosloures.pt\/en\/","name":"DS SEGUROS LOURES","description":"M\u00e1xima poupan\u00e7a mensal poss\u00edvel para cada cliente","publisher":{"@id":"https:\/\/dssegurosloures.pt\/en\/#organization"},"potentialAction":[{"@type":"SearchAction","target":{"@type":"EntryPoint","urlTemplate":"https:\/\/dssegurosloures.pt\/en\/?s={search_term_string}"},"query-input":{"@type":"PropertyValueSpecification","valueRequired":true,"valueName":"search_term_string"}}],"inLanguage":"en-GB"},{"@type":"Organization","@id":"https:\/\/dssegurosloures.pt\/en\/#organization","name":"DS SEGUROS LOURES","url":"https:\/\/dssegurosloures.pt\/en\/","logo":{"@type":"ImageObject","inLanguage":"en-GB","@id":"https:\/\/dssegurosloures.pt\/en\/#\/schema\/logo\/image\/","url":"https:\/\/dssegurosloures.pt\/wp-content\/uploads\/2024\/11\/logo-dsseguros-loures.webp","contentUrl":"https:\/\/dssegurosloures.pt\/wp-content\/uploads\/2024\/11\/logo-dsseguros-loures.webp","width":297,"height":370,"caption":"DS SEGUROS LOURES"},"image":{"@id":"https:\/\/dssegurosloures.pt\/en\/#\/schema\/logo\/image\/"},"sameAs":["https:\/\/www.facebook.com\/DSSEGUROSLOURES","https:\/\/www.linkedin.com\/company\/dsegurosloures\/","https:\/\/www.instagram.com\/dssegurosloures\/"]}]}},"_links":{"self":[{"href":"https:\/\/dssegurosloures.pt\/en\/wp-json\/wp\/v2\/pages\/7750","targetHints":{"allow":["GET"]}}],"collection":[{"href":"https:\/\/dssegurosloures.pt\/en\/wp-json\/wp\/v2\/pages"}],"about":[{"href":"https:\/\/dssegurosloures.pt\/en\/wp-json\/wp\/v2\/types\/page"}],"author":[{"embeddable":true,"href":"https:\/\/dssegurosloures.pt\/en\/wp-json\/wp\/v2\/users\/1"}],"replies":[{"embeddable":true,"href":"https:\/\/dssegurosloures.pt\/en\/wp-json\/wp\/v2\/comments?post=7750"}],"version-history":[{"count":0,"href":"https:\/\/dssegurosloures.pt\/en\/wp-json\/wp\/v2\/pages\/7750\/revisions"}],"wp:featuredmedia":[{"embeddable":true,"href":"https:\/\/dssegurosloures.pt\/en\/wp-json\/wp\/v2\/media\/8051"}],"wp:attachment":[{"href":"https:\/\/dssegurosloures.pt\/en\/wp-json\/wp\/v2\/media?parent=7750"}],"curies":[{"name":"wp","href":"https:\/\/api.w.org\/{rel}","templated":true}]}}