{"id":7755,"date":"2024-03-14T23:23:32","date_gmt":"2024-03-14T23:23:32","guid":{"rendered":"https:\/\/dssegurosloures.pt\/?page_id=7755"},"modified":"2024-12-10T15:49:47","modified_gmt":"2024-12-10T15:49:47","slug":"politica-de-privacidade","status":"publish","type":"page","link":"https:\/\/dssegurosloures.pt\/en\/politica-de-privacidade\/","title":{"rendered":"Privacy Policy"},"content":{"rendered":"<div data-elementor-type=\"wp-page\" data-elementor-id=\"7755\" class=\"elementor elementor-7755\" data-elementor-post-type=\"page\">\n\t\t\t\t<div class=\"elementor-element elementor-element-2086719 e-con-full e-flex e-con e-parent\" data-id=\"2086719\" data-element_type=\"container\" data-e-type=\"container\" data-settings=\"{&quot;background_background&quot;:&quot;classic&quot;,&quot;shape_divider_bottom&quot;:&quot;curve&quot;,&quot;shape_divider_bottom_negative&quot;:&quot;yes&quot;}\">\n\t\t\t\t<div class=\"elementor-shape elementor-shape-bottom\" aria-hidden=\"true\" data-negative=\"true\">\n\t\t\t<svg xmlns=\"http:\/\/www.w3.org\/2000\/svg\" viewbox=\"0 0 1000 100\" preserveaspectratio=\"none\">\n\t<path class=\"elementor-shape-fill\" d=\"M500,97C126.7,96.3,0.8,19.8,0,0v100l1000,0V1C1000,19.4,873.3,97.8,500,97z\"\/>\n<\/svg>\t\t<\/div>\n\t\t<div class=\"elementor-element elementor-element-8a1d7a3 e-flex e-con-boxed e-con e-child\" data-id=\"8a1d7a3\" data-element_type=\"container\" data-e-type=\"container\">\n\t\t\t\t\t<div class=\"e-con-inner\">\n\t\t\t\t<div class=\"elementor-element elementor-element-fe6725d elementor-invisible elementor-widget elementor-widget-heading\" data-id=\"fe6725d\" data-element_type=\"widget\" data-e-type=\"widget\" data-settings=\"{&quot;_animation&quot;:&quot;bounceInLeft&quot;}\" data-widget_type=\"heading.default\">\n\t\t\t\t<div class=\"elementor-widget-container\">\n\t\t\t\t\t<h1 class=\"elementor-heading-title elementor-size-default\">Pol\u00edtica<\/h1>\t\t\t\t<\/div>\n\t\t\t\t<\/div>\n\t\t\t\t<div class=\"elementor-element elementor-element-83538c2 elementor-invisible elementor-widget elementor-widget-heading\" data-id=\"83538c2\" data-element_type=\"widget\" data-e-type=\"widget\" data-settings=\"{&quot;_animation&quot;:&quot;bounceInLeft&quot;}\" data-widget_type=\"heading.default\">\n\t\t\t\t<div class=\"elementor-widget-container\">\n\t\t\t\t\t<h1 class=\"elementor-heading-title elementor-size-default\">de Privacidade<\/h1>\t\t\t\t<\/div>\n\t\t\t\t<\/div>\n\t\t\t\t\t<\/div>\n\t\t\t\t<\/div>\n\t\t\t\t<\/div>\n\t\t<div class=\"elementor-element elementor-element-93fa12d e-flex e-con-boxed e-con e-parent\" data-id=\"93fa12d\" data-element_type=\"container\" data-e-type=\"container\" data-settings=\"{&quot;background_background&quot;:&quot;classic&quot;}\">\n\t\t\t\t\t<div class=\"e-con-inner\">\n\t\t\t\t<div class=\"elementor-element elementor-element-f3fe695 premium-title-color elementor-widget elementor-widget-premium-addon-title\" data-id=\"f3fe695\" data-element_type=\"widget\" data-e-type=\"widget\" data-widget_type=\"premium-addon-title.default\">\n\t\t\t\t<div class=\"elementor-widget-container\">\n\t\t\t\t\t\n\t\t<div class=\"premium-title-wrapper\">\n\t\t\t<div class=\"premium-title-container style1\">\n\t\t\t\t<h2 class=\"premium-title-header premium-title-style1\">\n\t\t\t\t\t\n\t\t\t\t\t\n\t\t\t\t\t\t\t\t\t\t\t\t\t\t\t<span class=\"premium-title-text\">\n\t\t\t\t\t\tInformation\t\t\t\t\t<\/span>\n\t\t\t\t\t\t\n\t\t\t\t\t\t\t\t\t\t\n\t\t\t\t\t\t\t\t\t<\/h2>\n\n\t\t\t<\/div>\n\n\t\t\t\t\t<\/div>\n\n\t\t\t\t\t\t<\/div>\n\t\t\t\t<\/div>\n\t\t\t\t\t<\/div>\n\t\t\t\t<\/div>\n\t\t<div class=\"elementor-element elementor-element-19629c2 e-flex e-con-boxed e-con e-parent\" data-id=\"19629c2\" data-element_type=\"container\" data-e-type=\"container\" data-settings=\"{&quot;background_background&quot;:&quot;classic&quot;}\">\n\t\t\t\t\t<div class=\"e-con-inner\">\n\t\t<div class=\"elementor-element elementor-element-55005d3 e-con-full e-flex e-con e-child\" data-id=\"55005d3\" data-element_type=\"container\" data-e-type=\"container\" data-settings=\"{&quot;background_background&quot;:&quot;classic&quot;}\">\n\t\t\t\t<div class=\"elementor-element elementor-element-a5cb3fb elementor-widget elementor-widget-text-editor\" data-id=\"a5cb3fb\" data-element_type=\"widget\" data-e-type=\"widget\" data-widget_type=\"text-editor.default\">\n\t\t\t\t<div class=\"elementor-widget-container\">\n\t\t\t\t\t\t\t\t\t<p>Vale Levy Unipessoal Lda, empenhada em proteger a privacidade dos seus clientes, elaborou a presente Pol\u00edtica de Privacidade que explica as pr\u00e1ticas de privacidade e as op\u00e7\u00f5es dispon\u00edveis para a forma como as suas informa\u00e7\u00f5es s\u00e3o recolhidas e utilizadas. A pol\u00edtica de privacidade pode vir a ser alterada, quer devido a altera\u00e7\u00f5es na legisla\u00e7\u00e3o, quer por forma a abranger novos desenvolvimentos da pr\u00f3pria Internet.<\/p><p>Pode ser pedida informa\u00e7\u00e3o de identifica\u00e7\u00e3o pessoal quando existe a solicita\u00e7\u00e3o de um pedido de contacto. N\u00e3o existe a obrigatoriedade de fornecimento de informa\u00e7\u00f5es pessoais, sendo essa uma decis\u00e3o do Utilizador, no entanto, se n\u00e3o quiser fornecer as informa\u00e7\u00f5es pessoais solicitadas poder\u00e1 n\u00e3o conseguir concluir o seu pedido.<\/p><p>Para garantir a seguran\u00e7a das suas informa\u00e7\u00f5es pessoais, estabelecemos uma s\u00e9rie de medidas de seguran\u00e7a e diversos n\u00edveis de prote\u00e7\u00e3o. As suas informa\u00e7\u00f5es pessoais s\u00e3o guardadas em redes seguras, que apenas s\u00e3o acedidas por um limitado n\u00famero de pessoas que det\u00eam direitos de acesso especiais e se comprometem a respeitar e manter a natureza confidencial de tais informa\u00e7\u00f5es. N\u00e3o obstante estas medidas, quando faculta informa\u00e7\u00f5es pessoais na Internet existe sempre um risco de que estas possam ser intercetadas e usadas por terceiros fora do nosso controlo. Embora envidemos todos os esfor\u00e7os para proteger as suas informa\u00e7\u00f5es pessoais e a sua privacidade, n\u00e3o podemos garantir a seguran\u00e7a das informa\u00e7\u00f5es que disponibilize atrav\u00e9s da Internet.<\/p><p>As informa\u00e7\u00f5es recolhidas s\u00e3o administradas e controladas pela Vale Levy Unipessoal Lda., que possui infraestrutura de servidores. Oferecemos garantias suficientes relativamente \u00e0 prote\u00e7\u00e3o das suas informa\u00e7\u00f5es pessoais sendo as mesmas administradas em conformidade com a legisla\u00e7\u00e3o atual relativa \u00e0 prote\u00e7\u00e3o das informa\u00e7\u00f5es pessoais, assim como esta pol\u00edtica de privacidade. Apenas a Vale Levy Unipessoal Lda. e as suas ag\u00eancias da rede \u201cDS SEGUROS LOURES&#8221; ter\u00e3o acesso \u00e0s suas informa\u00e7\u00f5es pessoais. N\u00e3o vendemos, trocamos ou transferimos a terceiros as suas informa\u00e7\u00f5es pessoais, sob forma alguma. Poder\u00e1 a qualquer altura optar por n\u00e3o permitir a partilha das suas informa\u00e7\u00f5es pessoais, bastando que para o efeito nos envie um e-mail.<\/p><p>Para quaisquer quest\u00f5es relativas a esta pol\u00edtica de privacidade e aspetos de privacidade dos nossos produtos e servi\u00e7os, ou para efetuar uma reclama\u00e7\u00e3o, por favor contacte:<\/p><p>Vale Levy Unipessoal Lda.<\/p><p>Email Sede: <a href=\"mailto:loures@dsseguros.pt\"><u>loures@dsseguros.pt<\/u><\/a><\/p><p>Telefone: 219\u00a0886 346 | Chamada para a rede fixa nacional<\/p>\t\t\t\t\t\t\t\t<\/div>\n\t\t\t\t<\/div>\n\t\t\t\t<\/div>\n\t\t\t\t\t<\/div>\n\t\t\t\t<\/div>\n\t\t\t\t<\/div>","protected":false},"excerpt":{"rendered":"<p>Pol\u00edtica de Privacidade Informa\u00e7\u00e3o Vale Levy Unipessoal Lda, empenhada em proteger a privacidade dos seus clientes, elaborou a presente Pol\u00edtica de Privacidade que explica as pr\u00e1ticas de privacidade e as op\u00e7\u00f5es dispon\u00edveis para a forma como as suas informa\u00e7\u00f5es s\u00e3o recolhidas e utilizadas. A pol\u00edtica de privacidade pode vir a ser alterada, quer devido a [&hellip;]<\/p>\n","protected":false},"author":1,"featured_media":8051,"parent":0,"menu_order":0,"comment_status":"closed","ping_status":"closed","template":"elementor_header_footer","meta":{"footnotes":""},"class_list":["post-7755","page","type-page","status-publish","has-post-thumbnail","hentry"],"blocksy_meta":[],"yoast_head":"<!-- This site is optimized with the Yoast SEO plugin v27.5 - https:\/\/yoast.com\/product\/yoast-seo-wordpress\/ -->\n<title>Pol\u00edtica de Privacidade - DS SEGUROS LOURES<\/title>\n<meta name=\"robots\" content=\"index, follow, max-snippet:-1, max-image-preview:large, max-video-preview:-1\" \/>\n<link rel=\"canonical\" href=\"https:\/\/dssegurosloures.pt\/en\/politica-de-privacidade\/\" \/>\n<meta property=\"og:locale\" content=\"en_GB\" \/>\n<meta property=\"og:type\" content=\"article\" \/>\n<meta property=\"og:title\" content=\"Pol\u00edtica de Privacidade - DS SEGUROS LOURES\" \/>\n<meta property=\"og:description\" content=\"Pol\u00edtica de Privacidade Informa\u00e7\u00e3o Vale Levy Unipessoal Lda, empenhada em proteger a privacidade dos seus clientes, elaborou a presente Pol\u00edtica de Privacidade que explica as pr\u00e1ticas de privacidade e as op\u00e7\u00f5es dispon\u00edveis para a forma como as suas informa\u00e7\u00f5es s\u00e3o recolhidas e utilizadas. A pol\u00edtica de privacidade pode vir a ser alterada, quer devido a [&hellip;]\" \/>\n<meta property=\"og:url\" content=\"https:\/\/dssegurosloures.pt\/en\/politica-de-privacidade\/\" \/>\n<meta property=\"og:site_name\" content=\"DS SEGUROS LOURES\" \/>\n<meta property=\"article:publisher\" content=\"https:\/\/www.facebook.com\/DSSEGUROSLOURES\" \/>\n<meta property=\"article:modified_time\" content=\"2024-12-10T15:49:47+00:00\" \/>\n<meta property=\"og:image\" content=\"https:\/\/dssegurosloures.pt\/wp-content\/uploads\/2024\/04\/img-1.jpeg\" \/>\n\t<meta property=\"og:image:width\" content=\"1525\" \/>\n\t<meta property=\"og:image:height\" content=\"1017\" \/>\n\t<meta property=\"og:image:type\" content=\"image\/jpeg\" \/>\n<meta name=\"twitter:card\" content=\"summary_large_image\" \/>\n<meta name=\"twitter:label1\" content=\"Estimated reading time\" \/>\n\t<meta name=\"twitter:data1\" content=\"2 minutes\" \/>\n<!-- \/ Yoast SEO plugin. -->","yoast_head_json":{"title":"Pol\u00edtica de Privacidade - DS SEGUROS LOURES","robots":{"index":"index","follow":"follow","max-snippet":"max-snippet:-1","max-image-preview":"max-image-preview:large","max-video-preview":"max-video-preview:-1"},"canonical":"https:\/\/dssegurosloures.pt\/en\/politica-de-privacidade\/","og_locale":"en_GB","og_type":"article","og_title":"Pol\u00edtica de Privacidade - DS SEGUROS LOURES","og_description":"Pol\u00edtica de Privacidade Informa\u00e7\u00e3o Vale Levy Unipessoal Lda, empenhada em proteger a privacidade dos seus clientes, elaborou a presente Pol\u00edtica de Privacidade que explica as pr\u00e1ticas de privacidade e as op\u00e7\u00f5es dispon\u00edveis para a forma como as suas informa\u00e7\u00f5es s\u00e3o recolhidas e utilizadas. A pol\u00edtica de privacidade pode vir a ser alterada, quer devido a [&hellip;]","og_url":"https:\/\/dssegurosloures.pt\/en\/politica-de-privacidade\/","og_site_name":"DS SEGUROS LOURES","article_publisher":"https:\/\/www.facebook.com\/DSSEGUROSLOURES","article_modified_time":"2024-12-10T15:49:47+00:00","og_image":[{"width":1525,"height":1017,"url":"https:\/\/dssegurosloures.pt\/wp-content\/uploads\/2024\/04\/img-1.jpeg","type":"image\/jpeg"}],"twitter_card":"summary_large_image","twitter_misc":{"Estimated reading time":"2 minutes"},"schema":{"@context":"https:\/\/schema.org","@graph":[{"@type":"WebPage","@id":"https:\/\/dssegurosloures.pt\/en\/politica-de-privacidade\/","url":"https:\/\/dssegurosloures.pt\/en\/politica-de-privacidade\/","name":"Pol\u00edtica de Privacidade - DS SEGUROS LOURES","isPartOf":{"@id":"https:\/\/dssegurosloures.pt\/en\/#website"},"primaryImageOfPage":{"@id":"https:\/\/dssegurosloures.pt\/en\/politica-de-privacidade\/#primaryimage"},"image":{"@id":"https:\/\/dssegurosloures.pt\/en\/politica-de-privacidade\/#primaryimage"},"thumbnailUrl":"https:\/\/dssegurosloures.pt\/wp-content\/uploads\/2024\/04\/img-1.jpeg","datePublished":"2024-03-14T23:23:32+00:00","dateModified":"2024-12-10T15:49:47+00:00","breadcrumb":{"@id":"https:\/\/dssegurosloures.pt\/en\/politica-de-privacidade\/#breadcrumb"},"inLanguage":"en-GB","potentialAction":[{"@type":"ReadAction","target":["https:\/\/dssegurosloures.pt\/en\/politica-de-privacidade\/"]}]},{"@type":"ImageObject","inLanguage":"en-GB","@id":"https:\/\/dssegurosloures.pt\/en\/politica-de-privacidade\/#primaryimage","url":"https:\/\/dssegurosloures.pt\/wp-content\/uploads\/2024\/04\/img-1.jpeg","contentUrl":"https:\/\/dssegurosloures.pt\/wp-content\/uploads\/2024\/04\/img-1.jpeg","width":1525,"height":1017},{"@type":"BreadcrumbList","@id":"https:\/\/dssegurosloures.pt\/en\/politica-de-privacidade\/#breadcrumb","itemListElement":[{"@type":"ListItem","position":1,"name":"In\u00edcio","item":"https:\/\/dssegurosloures.pt\/en\/"},{"@type":"ListItem","position":2,"name":"Pol\u00edtica de Privacidade"}]},{"@type":"WebSite","@id":"https:\/\/dssegurosloures.pt\/en\/#website","url":"https:\/\/dssegurosloures.pt\/en\/","name":"DS SEGUROS LOURES","description":"M\u00e1xima poupan\u00e7a mensal poss\u00edvel para cada cliente","publisher":{"@id":"https:\/\/dssegurosloures.pt\/en\/#organization"},"potentialAction":[{"@type":"SearchAction","target":{"@type":"EntryPoint","urlTemplate":"https:\/\/dssegurosloures.pt\/en\/?s={search_term_string}"},"query-input":{"@type":"PropertyValueSpecification","valueRequired":true,"valueName":"search_term_string"}}],"inLanguage":"en-GB"},{"@type":"Organization","@id":"https:\/\/dssegurosloures.pt\/en\/#organization","name":"DS SEGUROS LOURES","url":"https:\/\/dssegurosloures.pt\/en\/","logo":{"@type":"ImageObject","inLanguage":"en-GB","@id":"https:\/\/dssegurosloures.pt\/en\/#\/schema\/logo\/image\/","url":"https:\/\/dssegurosloures.pt\/wp-content\/uploads\/2024\/11\/logo-dsseguros-loures.webp","contentUrl":"https:\/\/dssegurosloures.pt\/wp-content\/uploads\/2024\/11\/logo-dsseguros-loures.webp","width":297,"height":370,"caption":"DS SEGUROS LOURES"},"image":{"@id":"https:\/\/dssegurosloures.pt\/en\/#\/schema\/logo\/image\/"},"sameAs":["https:\/\/www.facebook.com\/DSSEGUROSLOURES","https:\/\/www.linkedin.com\/company\/dsegurosloures\/","https:\/\/www.instagram.com\/dssegurosloures\/"]}]}},"_links":{"self":[{"href":"https:\/\/dssegurosloures.pt\/en\/wp-json\/wp\/v2\/pages\/7755","targetHints":{"allow":["GET"]}}],"collection":[{"href":"https:\/\/dssegurosloures.pt\/en\/wp-json\/wp\/v2\/pages"}],"about":[{"href":"https:\/\/dssegurosloures.pt\/en\/wp-json\/wp\/v2\/types\/page"}],"author":[{"embeddable":true,"href":"https:\/\/dssegurosloures.pt\/en\/wp-json\/wp\/v2\/users\/1"}],"replies":[{"embeddable":true,"href":"https:\/\/dssegurosloures.pt\/en\/wp-json\/wp\/v2\/comments?post=7755"}],"version-history":[{"count":12,"href":"https:\/\/dssegurosloures.pt\/en\/wp-json\/wp\/v2\/pages\/7755\/revisions"}],"predecessor-version":[{"id":9696,"href":"https:\/\/dssegurosloures.pt\/en\/wp-json\/wp\/v2\/pages\/7755\/revisions\/9696"}],"wp:featuredmedia":[{"embeddable":true,"href":"https:\/\/dssegurosloures.pt\/en\/wp-json\/wp\/v2\/media\/8051"}],"wp:attachment":[{"href":"https:\/\/dssegurosloures.pt\/en\/wp-json\/wp\/v2\/media?parent=7755"}],"curies":[{"name":"wp","href":"https:\/\/api.w.org\/{rel}","templated":true}]}}