{"id":7760,"date":"2024-03-14T23:26:29","date_gmt":"2024-03-14T23:26:29","guid":{"rendered":"https:\/\/dssegurosloures.pt\/?page_id=7760"},"modified":"2026-04-07T21:10:57","modified_gmt":"2026-04-07T20:10:57","slug":"termos-e-condicoes","status":"publish","type":"page","link":"https:\/\/dssegurosloures.pt\/en\/termos-e-condicoes\/","title":{"rendered":"Terms and Conditions"},"content":{"rendered":"<div data-elementor-type=\"wp-page\" data-elementor-id=\"7760\" class=\"elementor elementor-7760\" data-elementor-post-type=\"page\">\n\t\t\t\t<div class=\"elementor-element elementor-element-2086719 e-con-full e-flex e-con e-parent\" data-id=\"2086719\" data-element_type=\"container\" data-e-type=\"container\" data-settings=\"{&quot;background_background&quot;:&quot;classic&quot;,&quot;shape_divider_bottom&quot;:&quot;curve&quot;,&quot;shape_divider_bottom_negative&quot;:&quot;yes&quot;}\">\n\t\t\t\t<div class=\"elementor-shape elementor-shape-bottom\" aria-hidden=\"true\" data-negative=\"true\">\n\t\t\t<svg xmlns=\"http:\/\/www.w3.org\/2000\/svg\" viewbox=\"0 0 1000 100\" preserveaspectratio=\"none\">\n\t<path class=\"elementor-shape-fill\" d=\"M500,97C126.7,96.3,0.8,19.8,0,0v100l1000,0V1C1000,19.4,873.3,97.8,500,97z\"\/>\n<\/svg>\t\t<\/div>\n\t\t<div class=\"elementor-element elementor-element-8a1d7a3 e-flex e-con-boxed e-con e-child\" data-id=\"8a1d7a3\" data-element_type=\"container\" data-e-type=\"container\">\n\t\t\t\t\t<div class=\"e-con-inner\">\n\t\t\t\t<div class=\"elementor-element elementor-element-fe6725d elementor-invisible elementor-widget elementor-widget-heading\" data-id=\"fe6725d\" data-element_type=\"widget\" data-e-type=\"widget\" data-settings=\"{&quot;_animation&quot;:&quot;bounceInLeft&quot;}\" data-widget_type=\"heading.default\">\n\t\t\t\t<div class=\"elementor-widget-container\">\n\t\t\t\t\t<h1 class=\"elementor-heading-title elementor-size-default\">Termos<\/h1>\t\t\t\t<\/div>\n\t\t\t\t<\/div>\n\t\t\t\t<div class=\"elementor-element elementor-element-83538c2 elementor-invisible elementor-widget elementor-widget-heading\" data-id=\"83538c2\" data-element_type=\"widget\" data-e-type=\"widget\" data-settings=\"{&quot;_animation&quot;:&quot;bounceInLeft&quot;}\" data-widget_type=\"heading.default\">\n\t\t\t\t<div class=\"elementor-widget-container\">\n\t\t\t\t\t<h1 class=\"elementor-heading-title elementor-size-default\">e Condi\u00e7\u00f5es<\/h1>\t\t\t\t<\/div>\n\t\t\t\t<\/div>\n\t\t\t\t\t<\/div>\n\t\t\t\t<\/div>\n\t\t\t\t<\/div>\n\t\t<div class=\"elementor-element elementor-element-93fa12d e-flex e-con-boxed e-con e-parent\" data-id=\"93fa12d\" data-element_type=\"container\" data-e-type=\"container\" data-settings=\"{&quot;background_background&quot;:&quot;classic&quot;}\">\n\t\t\t\t\t<div class=\"e-con-inner\">\n\t\t\t\t<div class=\"elementor-element elementor-element-f3fe695 premium-title-color elementor-widget elementor-widget-premium-addon-title\" data-id=\"f3fe695\" data-element_type=\"widget\" data-e-type=\"widget\" data-widget_type=\"premium-addon-title.default\">\n\t\t\t\t<div class=\"elementor-widget-container\">\n\t\t\t\t\t\n\t\t<div class=\"premium-title-wrapper\">\n\t\t\t<div class=\"premium-title-container style1\">\n\t\t\t\t<h2 class=\"premium-title-header premium-title-style1\">\n\t\t\t\t\t\n\t\t\t\t\t\n\t\t\t\t\t\t\t\t\t\t\t\t\t\t\t<span class=\"premium-title-text\">\n\t\t\t\t\t\tInformation\t\t\t\t\t<\/span>\n\t\t\t\t\t\t\n\t\t\t\t\t\t\t\t\t\t\n\t\t\t\t\t\t\t\t\t<\/h2>\n\n\t\t\t<\/div>\n\n\t\t\t\t\t<\/div>\n\n\t\t\t\t\t\t<\/div>\n\t\t\t\t<\/div>\n\t\t\t\t\t<\/div>\n\t\t\t\t<\/div>\n\t\t<div class=\"elementor-element elementor-element-19629c2 e-flex e-con-boxed e-con e-parent\" data-id=\"19629c2\" data-element_type=\"container\" data-e-type=\"container\" data-settings=\"{&quot;background_background&quot;:&quot;classic&quot;}\">\n\t\t\t\t\t<div class=\"e-con-inner\">\n\t\t<div class=\"elementor-element elementor-element-55005d3 e-con-full e-flex e-con e-child\" data-id=\"55005d3\" data-element_type=\"container\" data-e-type=\"container\" data-settings=\"{&quot;background_background&quot;:&quot;classic&quot;}\">\n\t\t\t\t<div class=\"elementor-element elementor-element-a5cb3fb elementor-widget elementor-widget-text-editor\" data-id=\"a5cb3fb\" data-element_type=\"widget\" data-e-type=\"widget\" data-widget_type=\"text-editor.default\">\n\t\t\t\t<div class=\"elementor-widget-container\">\n\t\t\t\t\t\t\t\t\t<p>A Vale Levy Unipessoal Lda, intermedi\u00e1ria de cr\u00e9dito vinculada e detentora de ag\u00eancia DS Seguros Loures do grupo Decis\u00f5es e Solu\u00e7\u00f5es -Intermedi\u00e1rios de Cr\u00e9dito, Lda.<\/p><p>Os presentes Termos e Condi\u00e7\u00f5es Gerais aplicam-se ao acesso e uso do website\/blog. A aceita\u00e7\u00e3o dos termos e condi\u00e7\u00f5es \u00e9 absolutamente indispens\u00e1vel \u00e0 sua utiliza\u00e7\u00e3o.<\/p><p>A Vale Levy Unipessoal Lda, reserva-se no direito de modificar unilateralmente, em qualquer momento e sem aviso pr\u00e9vio, a apresenta\u00e7\u00e3o e configura\u00e7\u00e3o do website\/blog.<\/p><p>Ao submeter os seus dados na solicita\u00e7\u00e3o de um pedido de contacto, o Utilizador autoriza expressamente a Vale Levy Unipessoal Lda., perante a sua ag\u00eancia \u201cDS SEGUROS LOURES&#8221; a enviar informa\u00e7\u00e3o sobre servi\u00e7os que possam ser do seu interesse, utilizando ainda os seus dados pessoais para efeitos de marketing direto e publicidade, mediante a utiliza\u00e7\u00e3o de correio eletr\u00f3nico ou contacto telef\u00f3nico.<\/p><p>A Vale Levy Unipessoal Lda., apenas se responsabiliza por danos que o Utilizador possa sofrer como consequ\u00eancia da utiliza\u00e7\u00e3o do website\/blog quando tais danos lhe possam ser imput\u00e1veis como resultado de uma sua atua\u00e7\u00e3o dolosa, n\u00e3o se responsabilizando pelos danos ou preju\u00edzos de qualquer \u00edndole que possam resultar, com car\u00e1cter meramente enunciativo e n\u00e3o limitativo, de:<\/p><p>(i) Atrasos ou bloqueios no uso causados por defici\u00eancias ou sobrecargas de Internet;<\/p><p>(ii) Poss\u00edveis erros ou defici\u00eancias de seguran\u00e7a que possam produzir-se pela utiliza\u00e7\u00e3o, por parte do Utilizador, de um browser de uma vers\u00e3o desatualizada ou insegura, ou pelos danos, erros ou inexatid\u00f5es que possam resultar do mau funcionamento do mesmo;<\/p><p>Todos os conte\u00fados deste website\/blog s\u00e3o propriedade da Vale Levy Unipessoal Lda., e est\u00e3o protegidos pelas normas nacionais e internacionais de propriedade industrial e intelectual.<\/p><p>A reprodu\u00e7\u00e3o, altera\u00e7\u00e3o, c\u00f3pia, uso, distribui\u00e7\u00e3o, comercializa\u00e7\u00e3o, comunica\u00e7\u00e3o p\u00fablica ou qualquer outra utiliza\u00e7\u00e3o da informa\u00e7\u00e3o contida no website\/blog que se realize sem autoriza\u00e7\u00e3o da Vale Levy Unipessoal Lda., constitui uma infra\u00e7\u00e3o da legisla\u00e7\u00e3o vigente em mat\u00e9ria de propriedade intelectual.<\/p><p>Em nenhum caso se dever\u00e1 entender que se concede licen\u00e7a ou se renuncia, transmite ou cede, total ou parcialmente, os suprarreferidos direitos, sem a pr\u00e9via autoriza\u00e7\u00e3o expressa da Vale Levy Unipessoal Lda. ou dos respetivos titulares.<\/p><p>Por outro lado, em nenhum caso se dever\u00e1 entender que se confere nenhum direito, e em especial, nenhum direito de altera\u00e7\u00e3o, explora\u00e7\u00e3o, distribui\u00e7\u00e3o ou comunica\u00e7\u00e3o p\u00fablica sobre os ditos conte\u00fados sem a pr\u00e9via autoriza\u00e7\u00e3o expressa Vale Levy Unipessoal Lda. ou dos respetivos titulares.<\/p><p>Este website\/blog utiliza cookies para uma utiliza\u00e7\u00e3o correta do mesmo. N\u00e3o estando os terceiros obrigados a aceitar os cookies, por\u00e9m e no caso de n\u00e3o os aceitarem, o website\/blog poder\u00e1 n\u00e3o funcionar corretamente.<\/p><p>A Vale Levy Unipessoal Lda., n\u00e3o autoriza terceiros a ligar o website\/blog ao seu pr\u00f3prio ou qualquer website\/blog sem a autoriza\u00e7\u00e3o pr\u00e9via, por escrito, da Vale Levy Unipessoal Lda.<\/p><p>Caso tenha alguma quest\u00e3o sobre os presentes termos e condi\u00e7\u00f5es, pode envi\u00e1-la para a morada referida da nossa ag\u00eancia, enviar uma mensagem de e-mail em conformidade com o contacto dispon\u00edvel: loures@dsicredito.pt;<\/p><p>Os presentes, Termos e Condi\u00e7\u00f5es, s\u00e3o regidos e elaborados de acordo com as leis Portuguesas.<\/p>\t\t\t\t\t\t\t\t<\/div>\n\t\t\t\t<\/div>\n\t\t\t\t<\/div>\n\t\t\t\t\t<\/div>\n\t\t\t\t<\/div>\n\t\t\t\t<\/div>","protected":false},"excerpt":{"rendered":"<p>Termos e Condi\u00e7\u00f5es Informa\u00e7\u00e3o A Vale Levy Unipessoal Lda, intermedi\u00e1ria de cr\u00e9dito vinculada e detentora de ag\u00eancia DS Seguros Loures do grupo Decis\u00f5es e Solu\u00e7\u00f5es -Intermedi\u00e1rios de Cr\u00e9dito, Lda. Os presentes Termos e Condi\u00e7\u00f5es Gerais aplicam-se ao acesso e uso do website\/blog. A aceita\u00e7\u00e3o dos termos e condi\u00e7\u00f5es \u00e9 absolutamente indispens\u00e1vel \u00e0 sua utiliza\u00e7\u00e3o. A [&hellip;]<\/p>\n","protected":false},"author":1,"featured_media":0,"parent":0,"menu_order":0,"comment_status":"closed","ping_status":"closed","template":"elementor_header_footer","meta":{"footnotes":""},"class_list":["post-7760","page","type-page","status-publish","hentry"],"blocksy_meta":[],"yoast_head":"<!-- This site is optimized with the Yoast SEO plugin v27.5 - https:\/\/yoast.com\/product\/yoast-seo-wordpress\/ -->\n<title>Termos e Condi\u00e7\u00f5es \u2014 DS Seguros Loures<\/title>\n<meta name=\"description\" content=\"Termos e condi\u00e7\u00f5es de utiliza\u00e7\u00e3o do website da DS Seguros Loures.\" \/>\n<meta name=\"robots\" content=\"index, follow, max-snippet:-1, max-image-preview:large, max-video-preview:-1\" \/>\n<link rel=\"canonical\" href=\"https:\/\/dssegurosloures.pt\/en\/termos-e-condicoes\/\" \/>\n<meta property=\"og:locale\" content=\"en_GB\" \/>\n<meta property=\"og:type\" content=\"article\" \/>\n<meta property=\"og:title\" content=\"Termos e Condi\u00e7\u00f5es \u2014 DS Seguros Loures\" \/>\n<meta property=\"og:description\" content=\"Termos e condi\u00e7\u00f5es de utiliza\u00e7\u00e3o do website da DS Seguros Loures.\" \/>\n<meta property=\"og:url\" content=\"https:\/\/dssegurosloures.pt\/en\/termos-e-condicoes\/\" \/>\n<meta property=\"og:site_name\" content=\"DS SEGUROS LOURES\" \/>\n<meta property=\"article:publisher\" content=\"https:\/\/www.facebook.com\/DSSEGUROSLOURES\" \/>\n<meta property=\"article:modified_time\" content=\"2026-04-07T20:10:57+00:00\" \/>\n<meta name=\"twitter:card\" content=\"summary_large_image\" \/>\n<meta name=\"twitter:label1\" content=\"Estimated reading time\" \/>\n\t<meta name=\"twitter:data1\" content=\"3 minutes\" \/>\n<!-- \/ Yoast SEO plugin. -->","yoast_head_json":{"title":"Termos e Condi\u00e7\u00f5es \u2014 DS Seguros Loures","description":"Termos e condi\u00e7\u00f5es de utiliza\u00e7\u00e3o do website da DS Seguros Loures.","robots":{"index":"index","follow":"follow","max-snippet":"max-snippet:-1","max-image-preview":"max-image-preview:large","max-video-preview":"max-video-preview:-1"},"canonical":"https:\/\/dssegurosloures.pt\/en\/termos-e-condicoes\/","og_locale":"en_GB","og_type":"article","og_title":"Termos e Condi\u00e7\u00f5es \u2014 DS Seguros Loures","og_description":"Termos e condi\u00e7\u00f5es de utiliza\u00e7\u00e3o do website da DS Seguros Loures.","og_url":"https:\/\/dssegurosloures.pt\/en\/termos-e-condicoes\/","og_site_name":"DS SEGUROS LOURES","article_publisher":"https:\/\/www.facebook.com\/DSSEGUROSLOURES","article_modified_time":"2026-04-07T20:10:57+00:00","twitter_card":"summary_large_image","twitter_misc":{"Estimated reading time":"3 minutes"},"schema":{"@context":"https:\/\/schema.org","@graph":[{"@type":"WebPage","@id":"https:\/\/dssegurosloures.pt\/en\/termos-e-condicoes\/","url":"https:\/\/dssegurosloures.pt\/en\/termos-e-condicoes\/","name":"Termos e Condi\u00e7\u00f5es \u2014 DS Seguros Loures","isPartOf":{"@id":"https:\/\/dssegurosloures.pt\/en\/#website"},"datePublished":"2024-03-14T23:26:29+00:00","dateModified":"2026-04-07T20:10:57+00:00","description":"Termos e condi\u00e7\u00f5es de utiliza\u00e7\u00e3o do website da DS Seguros Loures.","breadcrumb":{"@id":"https:\/\/dssegurosloures.pt\/en\/termos-e-condicoes\/#breadcrumb"},"inLanguage":"en-GB","potentialAction":[{"@type":"ReadAction","target":["https:\/\/dssegurosloures.pt\/en\/termos-e-condicoes\/"]}]},{"@type":"BreadcrumbList","@id":"https:\/\/dssegurosloures.pt\/en\/termos-e-condicoes\/#breadcrumb","itemListElement":[{"@type":"ListItem","position":1,"name":"In\u00edcio","item":"https:\/\/dssegurosloures.pt\/en\/"},{"@type":"ListItem","position":2,"name":"Termos e Condi\u00e7\u00f5es"}]},{"@type":"WebSite","@id":"https:\/\/dssegurosloures.pt\/en\/#website","url":"https:\/\/dssegurosloures.pt\/en\/","name":"DS SEGUROS LOURES","description":"M\u00e1xima poupan\u00e7a mensal poss\u00edvel para cada cliente","publisher":{"@id":"https:\/\/dssegurosloures.pt\/en\/#organization"},"potentialAction":[{"@type":"SearchAction","target":{"@type":"EntryPoint","urlTemplate":"https:\/\/dssegurosloures.pt\/en\/?s={search_term_string}"},"query-input":{"@type":"PropertyValueSpecification","valueRequired":true,"valueName":"search_term_string"}}],"inLanguage":"en-GB"},{"@type":"Organization","@id":"https:\/\/dssegurosloures.pt\/en\/#organization","name":"DS SEGUROS LOURES","url":"https:\/\/dssegurosloures.pt\/en\/","logo":{"@type":"ImageObject","inLanguage":"en-GB","@id":"https:\/\/dssegurosloures.pt\/en\/#\/schema\/logo\/image\/","url":"https:\/\/dssegurosloures.pt\/wp-content\/uploads\/2024\/11\/logo-dsseguros-loures.webp","contentUrl":"https:\/\/dssegurosloures.pt\/wp-content\/uploads\/2024\/11\/logo-dsseguros-loures.webp","width":297,"height":370,"caption":"DS SEGUROS LOURES"},"image":{"@id":"https:\/\/dssegurosloures.pt\/en\/#\/schema\/logo\/image\/"},"sameAs":["https:\/\/www.facebook.com\/DSSEGUROSLOURES","https:\/\/www.linkedin.com\/company\/dsegurosloures\/","https:\/\/www.instagram.com\/dssegurosloures\/"]}]}},"_links":{"self":[{"href":"https:\/\/dssegurosloures.pt\/en\/wp-json\/wp\/v2\/pages\/7760","targetHints":{"allow":["GET"]}}],"collection":[{"href":"https:\/\/dssegurosloures.pt\/en\/wp-json\/wp\/v2\/pages"}],"about":[{"href":"https:\/\/dssegurosloures.pt\/en\/wp-json\/wp\/v2\/types\/page"}],"author":[{"embeddable":true,"href":"https:\/\/dssegurosloures.pt\/en\/wp-json\/wp\/v2\/users\/1"}],"replies":[{"embeddable":true,"href":"https:\/\/dssegurosloures.pt\/en\/wp-json\/wp\/v2\/comments?post=7760"}],"version-history":[{"count":9,"href":"https:\/\/dssegurosloures.pt\/en\/wp-json\/wp\/v2\/pages\/7760\/revisions"}],"predecessor-version":[{"id":9684,"href":"https:\/\/dssegurosloures.pt\/en\/wp-json\/wp\/v2\/pages\/7760\/revisions\/9684"}],"wp:attachment":[{"href":"https:\/\/dssegurosloures.pt\/en\/wp-json\/wp\/v2\/media?parent=7760"}],"curies":[{"name":"wp","href":"https:\/\/api.w.org\/{rel}","templated":true}]}}