{"id":7844,"date":"2024-03-15T12:14:05","date_gmt":"2024-03-15T12:14:05","guid":{"rendered":"https:\/\/dssegurosloures.pt\/?page_id=7844"},"modified":"2026-04-07T16:39:48","modified_gmt":"2026-04-07T15:39:48","slug":"seguro-de-saude","status":"publish","type":"page","link":"https:\/\/dssegurosloures.pt\/en\/seguro-de-saude\/","title":{"rendered":"Health Insurance"},"content":{"rendered":"<div data-elementor-type=\"wp-page\" data-elementor-id=\"7844\" class=\"elementor elementor-7844\" data-elementor-post-type=\"page\">\n\t\t\t\t<div class=\"elementor-element elementor-element-2086719 e-con-full e-flex e-con e-parent\" data-id=\"2086719\" data-element_type=\"container\" data-e-type=\"container\" data-settings=\"{&quot;background_background&quot;:&quot;classic&quot;,&quot;shape_divider_bottom&quot;:&quot;curve&quot;,&quot;shape_divider_bottom_negative&quot;:&quot;yes&quot;}\">\n\t\t\t\t<div class=\"elementor-shape elementor-shape-bottom\" aria-hidden=\"true\" data-negative=\"true\">\n\t\t\t<svg xmlns=\"http:\/\/www.w3.org\/2000\/svg\" viewbox=\"0 0 1000 100\" preserveaspectratio=\"none\">\n\t<path class=\"elementor-shape-fill\" d=\"M500,97C126.7,96.3,0.8,19.8,0,0v100l1000,0V1C1000,19.4,873.3,97.8,500,97z\"\/>\n<\/svg>\t\t<\/div>\n\t\t<div class=\"elementor-element elementor-element-8a1d7a3 e-flex e-con-boxed e-con e-child\" data-id=\"8a1d7a3\" data-element_type=\"container\" data-e-type=\"container\">\n\t\t\t\t\t<div class=\"e-con-inner\">\n\t\t\t\t<div class=\"elementor-element elementor-element-fe6725d elementor-invisible elementor-widget elementor-widget-heading\" data-id=\"fe6725d\" data-element_type=\"widget\" data-e-type=\"widget\" data-settings=\"{&quot;_animation&quot;:&quot;bounceInLeft&quot;}\" data-widget_type=\"heading.default\">\n\t\t\t\t<div class=\"elementor-widget-container\">\n\t\t\t\t\t<h1 class=\"elementor-heading-title elementor-size-default\">Health<\/h1>\t\t\t\t<\/div>\n\t\t\t\t<\/div>\n\t\t\t\t<div class=\"elementor-element elementor-element-83538c2 elementor-invisible elementor-widget elementor-widget-heading\" data-id=\"83538c2\" data-element_type=\"widget\" data-e-type=\"widget\" data-settings=\"{&quot;_animation&quot;:&quot;bounceInLeft&quot;}\" data-widget_type=\"heading.default\">\n\t\t\t\t<div class=\"elementor-widget-container\">\n\t\t\t\t\t<h1 class=\"elementor-heading-title elementor-size-default\">Insurance<\/h1>\t\t\t\t<\/div>\n\t\t\t\t<\/div>\n\t\t\t\t\t<\/div>\n\t\t\t\t<\/div>\n\t\t\t\t<\/div>\n\t\t<div class=\"elementor-element elementor-element-93fa12d e-flex e-con-boxed e-con e-parent\" data-id=\"93fa12d\" data-element_type=\"container\" data-e-type=\"container\" data-settings=\"{&quot;background_background&quot;:&quot;classic&quot;}\">\n\t\t\t\t\t<div class=\"e-con-inner\">\n\t\t\t\t<div class=\"elementor-element elementor-element-f3fe695 premium-title-color elementor-widget elementor-widget-premium-addon-title\" data-id=\"f3fe695\" data-element_type=\"widget\" data-e-type=\"widget\" data-widget_type=\"premium-addon-title.default\">\n\t\t\t\t<div class=\"elementor-widget-container\">\n\t\t\t\t\t\n\t\t<div class=\"premium-title-wrapper\">\n\t\t\t<div class=\"premium-title-container style1\">\n\t\t\t\t<h2 class=\"premium-title-header premium-title-style1\">\n\t\t\t\t\t\n\t\t\t\t\t\n\t\t\t\t\t\t\t\t\t\t\t\t\t\t\t<span class=\"premium-title-text\">\n\t\t\t\t\t\tHealth Insurance\t\t\t\t\t<\/span>\n\t\t\t\t\t\t\n\t\t\t\t\t\t\t\t\t\t\n\t\t\t\t\t\t\t\t\t<\/h2>\n\n\t\t\t<\/div>\n\n\t\t\t\t\t<\/div>\n\n\t\t\t\t\t\t<\/div>\n\t\t\t\t<\/div>\n\t\t\t\t\t<\/div>\n\t\t\t\t<\/div>\n\t\t<div class=\"elementor-element elementor-element-19629c2 e-flex e-con-boxed e-con e-parent\" data-id=\"19629c2\" data-element_type=\"container\" data-e-type=\"container\" data-settings=\"{&quot;background_background&quot;:&quot;classic&quot;}\">\n\t\t\t\t\t<div class=\"e-con-inner\">\n\t\t<div class=\"elementor-element elementor-element-55005d3 e-con-full e-flex e-con e-child\" data-id=\"55005d3\" data-element_type=\"container\" data-e-type=\"container\" data-settings=\"{&quot;background_background&quot;:&quot;classic&quot;}\">\n\t\t\t\t<div class=\"elementor-element elementor-element-a5cb3fb elementor-widget elementor-widget-text-editor\" data-id=\"a5cb3fb\" data-element_type=\"widget\" data-e-type=\"widget\" data-widget_type=\"text-editor.default\">\n\t\t\t\t<div class=\"elementor-widget-container\">\n\t\t\t\t\t\t\t\t\t<p><strong>Health Insurance: Take Care of What Matters Most<\/strong><\/p><p>Your health and your family\u2019s well-being are the foundations of a peaceful and quality life. At <strong>DS Seguros Loures<\/strong>, we offer <strong>Health Insurance<\/strong> that combines quick access to top medical care with personalized solutions tailored to your needs.<\/p><p><strong>Essential Health Insurance Coverage:<\/strong><\/p><ul><li><strong>Specialist Consultations<\/strong>: Access a vast network of specialists with reduced fees or no cost.<\/li><li><strong>Diagnostic Exams<\/strong>: Fast and efficient laboratory and imaging tests.<\/li><li><strong>Hospitalization<\/strong>: Partial or full coverage for hospital stays, treatments, and surgeries.<\/li><li><strong>Emergency Services<\/strong>: Assistance in private clinics or hospitals during emergencies.<\/li><li><strong>Medications and Treatments<\/strong>: Reimbursement for prescribed medications and specific therapies.<\/li><li><strong>Preventive Health &amp; Wellness<\/strong>: Discounts on nutrition consultations, physiotherapy, alternative therapies, and wellness programs.<\/li><\/ul><p><strong>Exclusive Protocols<\/strong><\/p><p>When taking out your Health Insurance with us, you will have access to exclusive benefits:<\/p><ul><li><strong>Priority Access to Leading Hospitals and Clinics<\/strong>: Consultations and treatments at top institutions nationwide.<\/li><li><strong>Discounts on Complementary Services<\/strong>: Benefits in optometry, dentistry, pharmacy, physiotherapy, and exams.<\/li><li><strong>Telemedicine<\/strong>: Online medical consultations for convenient access to care.<\/li><li><strong>Annual Check-Ups<\/strong>: Preventive programs with free or discounted yearly exams.<\/li><li><strong>International Coverage<\/strong>: Medical care abroad, ideal for frequent travelers.<\/li><\/ul><p><strong>Why Choose DS Seguros Loures?<\/strong><\/p><ul><li><strong>Tailored Plans<\/strong>: Coverage designed for individuals, families, or businesses.<\/li><li><strong>Expert Guidance<\/strong>: A dedicated team to advise you on selecting and managing your health insurance.<\/li><li><strong>Fast and Simple Reimbursements<\/strong>: Streamlined processes to quickly recover your health expenses.<\/li><\/ul><p>At <strong>DS Seguros Loures<\/strong>, your health is our priority. Trust us to provide the support you need to live with peace of mind and well-being every day.<\/p>\t\t\t\t\t\t\t\t<\/div>\n\t\t\t\t<\/div>\n\t\t\t\t<\/div>\n\t\t\t\t\t<\/div>\n\t\t\t\t<\/div>\n\t\t<div class=\"elementor-element elementor-element-f5650ee e-con-full e-flex e-con e-parent\" data-id=\"f5650ee\" data-element_type=\"container\" data-e-type=\"container\" data-settings=\"{&quot;background_background&quot;:&quot;classic&quot;}\">\n\t\t<div class=\"elementor-element elementor-element-0da594f e-con-full e-flex e-con e-child\" data-id=\"0da594f\" data-element_type=\"container\" data-e-type=\"container\" data-settings=\"{&quot;background_background&quot;:&quot;classic&quot;}\">\n\t\t\t\t<div class=\"elementor-element elementor-element-3540d25 elementor-cta--layout-image-left elementor-bg-transform elementor-bg-transform-move-up elementor-cta--skin-classic elementor-animated-content elementor-widget elementor-widget-call-to-action\" data-id=\"3540d25\" data-element_type=\"widget\" data-e-type=\"widget\" data-widget_type=\"call-to-action.default\">\n\t\t\t\t<div class=\"elementor-widget-container\">\n\t\t\t\t\t\t\t<div class=\"elementor-cta\">\n\t\t\t\t\t<div class=\"elementor-cta__bg-wrapper\">\n\t\t\t\t<div class=\"elementor-cta__bg elementor-bg\" style=\"background-image: url(https:\/\/dssegurosloures.pt\/wp-content\/uploads\/2024\/11\/1664615947774-1024x701.webp);\" role=\"img\" aria-label=\"\"><\/div>\n\t\t\t\t<div class=\"elementor-cta__bg-overlay\"><\/div>\n\t\t\t<\/div>\n\t\t\t\t\t\t\t<div class=\"elementor-cta__content\">\n\t\t\t\t\n\t\t\t\t\t\t\t\t\t<h2 class=\"elementor-cta__title elementor-cta__content-item elementor-content-item\">\n\t\t\t\t\t\tWant to Know More?\t\t\t\t\t<\/h2>\n\t\t\t\t\n\t\t\t\t\n\t\t\t\t\t\t\t\t\t<div class=\"elementor-cta__button-wrapper elementor-cta__content-item elementor-content-item\">\n\t\t\t\t\t<a class=\"elementor-cta__button elementor-button elementor-size-\" href=\"https:\/\/dssegurosloures.pt\/en\/contactos\/\">\n\t\t\t\t\t\tClick Here\t\t\t\t\t<\/a>\n\t\t\t\t\t<\/div>\n\t\t\t\t\t\t\t<\/div>\n\t\t\t\t\t\t<\/div>\n\t\t\t\t\t\t<\/div>\n\t\t\t\t<\/div>\n\t\t\t\t<\/div>\n\t\t\t\t<\/div>\n\t\t\t\t<\/div>","protected":false},"excerpt":{"rendered":"<p>Sa\u00fade Seguro de Seguro de Sa\u00fade Seguro de Sa\u00fade: Cuide do Que \u00c9 Mais Importante A sua sa\u00fade e a sa\u00fade da sua fam\u00edlia s\u00e3o pilares fundamentais para uma vida tranquila e de qualidade. Na DS Seguros Loures, oferecemos Seguros de Sa\u00fade que combinam acesso r\u00e1pido aos melhores cuidados m\u00e9dicos com solu\u00e7\u00f5es personalizadas para responder [&hellip;]<\/p>\n","protected":false},"author":1,"featured_media":9195,"parent":0,"menu_order":0,"comment_status":"closed","ping_status":"closed","template":"elementor_header_footer","meta":{"footnotes":""},"class_list":["post-7844","page","type-page","status-publish","has-post-thumbnail","hentry"],"blocksy_meta":[],"yoast_head":"<!-- This site is optimized with the Yoast SEO plugin v27.5 - https:\/\/yoast.com\/product\/yoast-seo-wordpress\/ -->\n<title>Seguro de Sa\u00fade em Loures \u2014 Compara\u00e7\u00e3o e Simula\u00e7\u00e3o<\/title>\n<meta name=\"description\" content=\"Compare seguros de sa\u00fade das melhores seguradoras em Loures. Cobertura hospitalar, ambulat\u00f3rio e dental. Simula\u00e7\u00e3o gratuita.\" \/>\n<meta name=\"robots\" content=\"index, follow, max-snippet:-1, max-image-preview:large, max-video-preview:-1\" \/>\n<link rel=\"canonical\" href=\"https:\/\/dssegurosloures.pt\/en\/seguro-de-saude\/\" \/>\n<meta property=\"og:locale\" content=\"en_GB\" \/>\n<meta property=\"og:type\" content=\"article\" \/>\n<meta property=\"og:title\" content=\"Seguro de Sa\u00fade em Loures \u2014 Compara\u00e7\u00e3o e Simula\u00e7\u00e3o\" \/>\n<meta property=\"og:description\" content=\"Compare seguros de sa\u00fade das melhores seguradoras em Loures. Cobertura hospitalar, ambulat\u00f3rio e dental. Simula\u00e7\u00e3o gratuita.\" \/>\n<meta property=\"og:url\" content=\"https:\/\/dssegurosloures.pt\/en\/seguro-de-saude\/\" \/>\n<meta property=\"og:site_name\" content=\"DS SEGUROS LOURES\" \/>\n<meta property=\"article:publisher\" content=\"https:\/\/www.facebook.com\/DSSEGUROSLOURES\" \/>\n<meta property=\"article:modified_time\" content=\"2026-04-07T15:39:48+00:00\" \/>\n<meta property=\"og:image\" content=\"https:\/\/dssegurosloures.pt\/wp-content\/uploads\/2024\/11\/piclumen-1732708820061.webp\" \/>\n\t<meta property=\"og:image:width\" content=\"1344\" \/>\n\t<meta property=\"og:image:height\" content=\"768\" \/>\n\t<meta property=\"og:image:type\" content=\"image\/webp\" \/>\n<meta name=\"twitter:card\" content=\"summary_large_image\" \/>\n<meta name=\"twitter:label1\" content=\"Estimated reading time\" \/>\n\t<meta name=\"twitter:data1\" content=\"2 minutes\" \/>\n<!-- \/ Yoast SEO plugin. -->","yoast_head_json":{"title":"Seguro de Sa\u00fade em Loures \u2014 Compara\u00e7\u00e3o e Simula\u00e7\u00e3o","description":"Compare seguros de sa\u00fade das melhores seguradoras em Loures. Cobertura hospitalar, ambulat\u00f3rio e dental. Simula\u00e7\u00e3o gratuita.","robots":{"index":"index","follow":"follow","max-snippet":"max-snippet:-1","max-image-preview":"max-image-preview:large","max-video-preview":"max-video-preview:-1"},"canonical":"https:\/\/dssegurosloures.pt\/en\/seguro-de-saude\/","og_locale":"en_GB","og_type":"article","og_title":"Seguro de Sa\u00fade em Loures \u2014 Compara\u00e7\u00e3o e Simula\u00e7\u00e3o","og_description":"Compare seguros de sa\u00fade das melhores seguradoras em Loures. Cobertura hospitalar, ambulat\u00f3rio e dental. Simula\u00e7\u00e3o gratuita.","og_url":"https:\/\/dssegurosloures.pt\/en\/seguro-de-saude\/","og_site_name":"DS SEGUROS LOURES","article_publisher":"https:\/\/www.facebook.com\/DSSEGUROSLOURES","article_modified_time":"2026-04-07T15:39:48+00:00","og_image":[{"width":1344,"height":768,"url":"https:\/\/dssegurosloures.pt\/wp-content\/uploads\/2024\/11\/piclumen-1732708820061.webp","type":"image\/webp"}],"twitter_card":"summary_large_image","twitter_misc":{"Estimated reading time":"2 minutes"},"schema":{"@context":"https:\/\/schema.org","@graph":[{"@type":"WebPage","@id":"https:\/\/dssegurosloures.pt\/en\/seguro-de-saude\/","url":"https:\/\/dssegurosloures.pt\/en\/seguro-de-saude\/","name":"Seguro de Sa\u00fade em Loures \u2014 Compara\u00e7\u00e3o e Simula\u00e7\u00e3o","isPartOf":{"@id":"https:\/\/dssegurosloures.pt\/en\/#website"},"primaryImageOfPage":{"@id":"https:\/\/dssegurosloures.pt\/en\/seguro-de-saude\/#primaryimage"},"image":{"@id":"https:\/\/dssegurosloures.pt\/en\/seguro-de-saude\/#primaryimage"},"thumbnailUrl":"https:\/\/dssegurosloures.pt\/wp-content\/uploads\/2024\/11\/piclumen-1732708820061.webp","datePublished":"2024-03-15T12:14:05+00:00","dateModified":"2026-04-07T15:39:48+00:00","description":"Compare seguros de sa\u00fade das melhores seguradoras em Loures. Cobertura hospitalar, ambulat\u00f3rio e dental. Simula\u00e7\u00e3o gratuita.","breadcrumb":{"@id":"https:\/\/dssegurosloures.pt\/en\/seguro-de-saude\/#breadcrumb"},"inLanguage":"en-GB","potentialAction":[{"@type":"ReadAction","target":["https:\/\/dssegurosloures.pt\/en\/seguro-de-saude\/"]}]},{"@type":"ImageObject","inLanguage":"en-GB","@id":"https:\/\/dssegurosloures.pt\/en\/seguro-de-saude\/#primaryimage","url":"https:\/\/dssegurosloures.pt\/wp-content\/uploads\/2024\/11\/piclumen-1732708820061.webp","contentUrl":"https:\/\/dssegurosloures.pt\/wp-content\/uploads\/2024\/11\/piclumen-1732708820061.webp","width":1344,"height":768},{"@type":"BreadcrumbList","@id":"https:\/\/dssegurosloures.pt\/en\/seguro-de-saude\/#breadcrumb","itemListElement":[{"@type":"ListItem","position":1,"name":"In\u00edcio","item":"https:\/\/dssegurosloures.pt\/en\/"},{"@type":"ListItem","position":2,"name":"Seguro de Sa\u00fade"}]},{"@type":"WebSite","@id":"https:\/\/dssegurosloures.pt\/en\/#website","url":"https:\/\/dssegurosloures.pt\/en\/","name":"DS SEGUROS LOURES","description":"M\u00e1xima poupan\u00e7a mensal poss\u00edvel para cada cliente","publisher":{"@id":"https:\/\/dssegurosloures.pt\/en\/#organization"},"potentialAction":[{"@type":"SearchAction","target":{"@type":"EntryPoint","urlTemplate":"https:\/\/dssegurosloures.pt\/en\/?s={search_term_string}"},"query-input":{"@type":"PropertyValueSpecification","valueRequired":true,"valueName":"search_term_string"}}],"inLanguage":"en-GB"},{"@type":"Organization","@id":"https:\/\/dssegurosloures.pt\/en\/#organization","name":"DS SEGUROS LOURES","url":"https:\/\/dssegurosloures.pt\/en\/","logo":{"@type":"ImageObject","inLanguage":"en-GB","@id":"https:\/\/dssegurosloures.pt\/en\/#\/schema\/logo\/image\/","url":"https:\/\/dssegurosloures.pt\/wp-content\/uploads\/2024\/11\/logo-dsseguros-loures.webp","contentUrl":"https:\/\/dssegurosloures.pt\/wp-content\/uploads\/2024\/11\/logo-dsseguros-loures.webp","width":297,"height":370,"caption":"DS SEGUROS LOURES"},"image":{"@id":"https:\/\/dssegurosloures.pt\/en\/#\/schema\/logo\/image\/"},"sameAs":["https:\/\/www.facebook.com\/DSSEGUROSLOURES","https:\/\/www.linkedin.com\/company\/dsegurosloures\/","https:\/\/www.instagram.com\/dssegurosloures\/"]}]}},"_links":{"self":[{"href":"https:\/\/dssegurosloures.pt\/en\/wp-json\/wp\/v2\/pages\/7844","targetHints":{"allow":["GET"]}}],"collection":[{"href":"https:\/\/dssegurosloures.pt\/en\/wp-json\/wp\/v2\/pages"}],"about":[{"href":"https:\/\/dssegurosloures.pt\/en\/wp-json\/wp\/v2\/types\/page"}],"author":[{"embeddable":true,"href":"https:\/\/dssegurosloures.pt\/en\/wp-json\/wp\/v2\/users\/1"}],"replies":[{"embeddable":true,"href":"https:\/\/dssegurosloures.pt\/en\/wp-json\/wp\/v2\/comments?post=7844"}],"version-history":[{"count":31,"href":"https:\/\/dssegurosloures.pt\/en\/wp-json\/wp\/v2\/pages\/7844\/revisions"}],"predecessor-version":[{"id":9490,"href":"https:\/\/dssegurosloures.pt\/en\/wp-json\/wp\/v2\/pages\/7844\/revisions\/9490"}],"wp:featuredmedia":[{"embeddable":true,"href":"https:\/\/dssegurosloures.pt\/en\/wp-json\/wp\/v2\/media\/9195"}],"wp:attachment":[{"href":"https:\/\/dssegurosloures.pt\/en\/wp-json\/wp\/v2\/media?parent=7844"}],"curies":[{"name":"wp","href":"https:\/\/api.w.org\/{rel}","templated":true}]}}