{"id":7853,"date":"2024-03-15T12:17:53","date_gmt":"2024-03-15T12:17:53","guid":{"rendered":"https:\/\/dssegurosloures.pt\/?page_id=7853"},"modified":"2026-04-07T16:30:17","modified_gmt":"2026-04-07T15:30:17","slug":"seguro-automovel","status":"publish","type":"page","link":"https:\/\/dssegurosloures.pt\/en\/seguro-automovel\/","title":{"rendered":"Car Insurance"},"content":{"rendered":"<div data-elementor-type=\"wp-page\" data-elementor-id=\"7853\" class=\"elementor elementor-7853\" data-elementor-post-type=\"page\">\n\t\t\t\t<div class=\"elementor-element elementor-element-2086719 e-con-full e-flex e-con e-parent\" data-id=\"2086719\" data-element_type=\"container\" data-e-type=\"container\" data-settings=\"{&quot;background_background&quot;:&quot;classic&quot;,&quot;shape_divider_bottom&quot;:&quot;curve&quot;,&quot;shape_divider_bottom_negative&quot;:&quot;yes&quot;}\">\n\t\t\t\t<div class=\"elementor-shape elementor-shape-bottom\" aria-hidden=\"true\" data-negative=\"true\">\n\t\t\t<svg xmlns=\"http:\/\/www.w3.org\/2000\/svg\" viewbox=\"0 0 1000 100\" preserveaspectratio=\"none\">\n\t<path class=\"elementor-shape-fill\" d=\"M500,97C126.7,96.3,0.8,19.8,0,0v100l1000,0V1C1000,19.4,873.3,97.8,500,97z\"\/>\n<\/svg>\t\t<\/div>\n\t\t<div class=\"elementor-element elementor-element-8a1d7a3 e-flex e-con-boxed e-con e-child\" data-id=\"8a1d7a3\" data-element_type=\"container\" data-e-type=\"container\">\n\t\t\t\t\t<div class=\"e-con-inner\">\n\t\t\t\t<div class=\"elementor-element elementor-element-fe6725d elementor-invisible elementor-widget elementor-widget-heading\" data-id=\"fe6725d\" data-element_type=\"widget\" data-e-type=\"widget\" data-settings=\"{&quot;_animation&quot;:&quot;bounceInLeft&quot;}\" data-widget_type=\"heading.default\">\n\t\t\t\t<div class=\"elementor-widget-container\">\n\t\t\t\t\t<h1 class=\"elementor-heading-title elementor-size-default\">Automobile<\/h1>\t\t\t\t<\/div>\n\t\t\t\t<\/div>\n\t\t\t\t<div class=\"elementor-element elementor-element-83538c2 elementor-invisible elementor-widget elementor-widget-heading\" data-id=\"83538c2\" data-element_type=\"widget\" data-e-type=\"widget\" data-settings=\"{&quot;_animation&quot;:&quot;bounceInLeft&quot;}\" data-widget_type=\"heading.default\">\n\t\t\t\t<div class=\"elementor-widget-container\">\n\t\t\t\t\t<h1 class=\"elementor-heading-title elementor-size-default\">Insurance<\/h1>\t\t\t\t<\/div>\n\t\t\t\t<\/div>\n\t\t\t\t\t<\/div>\n\t\t\t\t<\/div>\n\t\t\t\t<\/div>\n\t\t<div class=\"elementor-element elementor-element-93fa12d e-flex e-con-boxed e-con e-parent\" data-id=\"93fa12d\" data-element_type=\"container\" data-e-type=\"container\" data-settings=\"{&quot;background_background&quot;:&quot;classic&quot;}\">\n\t\t\t\t\t<div class=\"e-con-inner\">\n\t\t\t\t<div class=\"elementor-element elementor-element-f3fe695 premium-title-color elementor-widget elementor-widget-premium-addon-title\" data-id=\"f3fe695\" data-element_type=\"widget\" data-e-type=\"widget\" data-widget_type=\"premium-addon-title.default\">\n\t\t\t\t<div class=\"elementor-widget-container\">\n\t\t\t\t\t\n\t\t<div class=\"premium-title-wrapper\">\n\t\t\t<div class=\"premium-title-container style1\">\n\t\t\t\t<h2 class=\"premium-title-header premium-title-style1\">\n\t\t\t\t\t\n\t\t\t\t\t\n\t\t\t\t\t\t\t\t\t\t\t\t\t\t\t<span class=\"premium-title-text\">\n\t\t\t\t\t\tCar Insurance\t\t\t\t\t<\/span>\n\t\t\t\t\t\t\n\t\t\t\t\t\t\t\t\t\t\n\t\t\t\t\t\t\t\t\t<\/h2>\n\n\t\t\t<\/div>\n\n\t\t\t\t\t<\/div>\n\n\t\t\t\t\t\t<\/div>\n\t\t\t\t<\/div>\n\t\t\t\t\t<\/div>\n\t\t\t\t<\/div>\n\t\t<div class=\"elementor-element elementor-element-19629c2 e-flex e-con-boxed e-con e-parent\" data-id=\"19629c2\" data-element_type=\"container\" data-e-type=\"container\" data-settings=\"{&quot;background_background&quot;:&quot;classic&quot;}\">\n\t\t\t\t\t<div class=\"e-con-inner\">\n\t\t<div class=\"elementor-element elementor-element-55005d3 e-con-full e-flex e-con e-child\" data-id=\"55005d3\" data-element_type=\"container\" data-e-type=\"container\" data-settings=\"{&quot;background_background&quot;:&quot;classic&quot;}\">\n\t\t\t\t<div class=\"elementor-element elementor-element-a5cb3fb elementor-widget elementor-widget-text-editor\" data-id=\"a5cb3fb\" data-element_type=\"widget\" data-e-type=\"widget\" data-widget_type=\"text-editor.default\">\n\t\t\t\t<div class=\"elementor-widget-container\">\n\t\t\t\t\t\t\t\t\t<p><strong>At DS Seguros Loures, we take care of you and your vehicle!<\/strong><\/p><p>We understand how essential your car is to your daily life, whether for personal or professional use. That\u2019s why we offer <strong>tailored car insurance<\/strong>, designed to ensure maximum protection and safety in every situation.<\/p><p><strong>What we offer:<\/strong><\/p><ul><li><strong>Mandatory Third-Party Liability<\/strong>: Stay compliant with the law while protecting against third-party damages.<\/li><li><strong>Comprehensive Coverage<\/strong>: Safeguard your vehicle in cases of collision, fire, theft, or vandalism.<\/li><li><strong>Protection Against Natural Phenomena<\/strong>: From storms to floods, your vehicle is covered.<\/li><li><strong>24\/7 Roadside Assistance<\/strong>: Immediate support anywhere, whether in Portugal or abroad.<\/li><li><strong>Replacement Vehicle<\/strong>: Stay mobile even during repairs.<\/li><\/ul><p><strong>Exclusive Benefits for Our Clients:<\/strong><\/p><ul><li><strong>Competitive Pricing<\/strong>: Competitive pricing and unique discounts.<\/li><li><strong>Certified Workshop Network<\/strong>: Certified repair network for high-quality, efficient service.<\/li><li><strong>Maintenance Discounts<\/strong>: Discounts on maintenance, such as inspections and general repairs.<\/li><li><strong>Rent-a-Car Benefits<\/strong>: Rent-a-car benefits with special terms.<\/li><li><strong>Specialized Legal Assistance<\/strong>: Expert legal assistance in case of accidents.<\/li><\/ul><p><strong>Why Choose DS Seguros Loures?<\/strong><\/p><ul><li><strong>Personalized Support<\/strong>: From your first contact to claims management, we\u2019re by your side.<\/li><li><strong>Flexibility and Transparency<\/strong>: Solutions tailored to your profile with full clarity.<\/li><li><strong>Trusted Partners<\/strong>: Collaborations with leading insurers to provide the best options.<\/li><\/ul><p>At DS Seguros Loures, <strong>your car and safety are our priorities.<\/strong>. Contact us to find out how we can make your daily life more secure and worry-free!<\/p>\t\t\t\t\t\t\t\t<\/div>\n\t\t\t\t<\/div>\n\t\t\t\t<\/div>\n\t\t\t\t\t<\/div>\n\t\t\t\t<\/div>\n\t\t<div class=\"elementor-element elementor-element-f5650ee e-con-full e-flex e-con e-parent\" data-id=\"f5650ee\" data-element_type=\"container\" data-e-type=\"container\" data-settings=\"{&quot;background_background&quot;:&quot;classic&quot;}\">\n\t\t<div class=\"elementor-element elementor-element-0da594f e-con-full e-flex e-con e-child\" data-id=\"0da594f\" data-element_type=\"container\" data-e-type=\"container\" data-settings=\"{&quot;background_background&quot;:&quot;classic&quot;}\">\n\t\t\t\t<div class=\"elementor-element elementor-element-3540d25 elementor-cta--layout-image-left elementor-bg-transform elementor-bg-transform-move-up elementor-cta--skin-classic elementor-animated-content elementor-widget elementor-widget-call-to-action\" data-id=\"3540d25\" data-element_type=\"widget\" data-e-type=\"widget\" data-widget_type=\"call-to-action.default\">\n\t\t\t\t<div class=\"elementor-widget-container\">\n\t\t\t\t\t\t\t<div class=\"elementor-cta\">\n\t\t\t\t\t<div class=\"elementor-cta__bg-wrapper\">\n\t\t\t\t<div class=\"elementor-cta__bg elementor-bg\" style=\"background-image: url(https:\/\/dssegurosloures.pt\/wp-content\/uploads\/2024\/11\/1664615947774-1024x701.webp);\" role=\"img\" aria-label=\"\"><\/div>\n\t\t\t\t<div class=\"elementor-cta__bg-overlay\"><\/div>\n\t\t\t<\/div>\n\t\t\t\t\t\t\t<div class=\"elementor-cta__content\">\n\t\t\t\t\n\t\t\t\t\t\t\t\t\t<h2 class=\"elementor-cta__title elementor-cta__content-item elementor-content-item\">\n\t\t\t\t\t\tWant to Know More?\t\t\t\t\t<\/h2>\n\t\t\t\t\n\t\t\t\t\n\t\t\t\t\t\t\t\t\t<div class=\"elementor-cta__button-wrapper elementor-cta__content-item elementor-content-item\">\n\t\t\t\t\t<a class=\"elementor-cta__button elementor-button elementor-size-\" href=\"https:\/\/dssegurosloures.pt\/en\/contactos\/\">\n\t\t\t\t\t\tClick Here\t\t\t\t\t<\/a>\n\t\t\t\t\t<\/div>\n\t\t\t\t\t\t\t<\/div>\n\t\t\t\t\t\t<\/div>\n\t\t\t\t\t\t<\/div>\n\t\t\t\t<\/div>\n\t\t\t\t<\/div>\n\t\t\t\t<\/div>\n\t\t\t\t<\/div>","protected":false},"excerpt":{"rendered":"<p>Autom\u00f3vel Seguro Seguro Autom\u00f3vel Na DS Seguros Loures, cuidamos de si e do seu autom\u00f3vel! Sabemos que o seu carro \u00e9 essencial para o seu dia a dia, seja para desloca\u00e7\u00f5es pessoais ou profissionais. Por isso, oferecemos seguros autom\u00f3vel \u00e0 medida, pensados para garantir m\u00e1xima prote\u00e7\u00e3o e seguran\u00e7a em todas as situa\u00e7\u00f5es. O que oferecemos: [&hellip;]<\/p>\n","protected":false},"author":1,"featured_media":8554,"parent":0,"menu_order":0,"comment_status":"closed","ping_status":"closed","template":"elementor_header_footer","meta":{"footnotes":""},"class_list":["post-7853","page","type-page","status-publish","has-post-thumbnail","hentry"],"blocksy_meta":[],"yoast_head":"<!-- This site is optimized with the Yoast SEO plugin v27.5 - https:\/\/yoast.com\/product\/yoast-seo-wordpress\/ -->\n<title>Seguro Autom\u00f3vel em Loures \u2014 Simula\u00e7\u00e3o Gratuita<\/title>\n<meta name=\"description\" content=\"Encontre o melhor seguro autom\u00f3vel em Loures. Comparamos v\u00e1rias seguradoras para lhe oferecer o melhor pre\u00e7o. Simula\u00e7\u00e3o gratuita.\" \/>\n<meta name=\"robots\" content=\"index, follow, max-snippet:-1, max-image-preview:large, max-video-preview:-1\" \/>\n<link rel=\"canonical\" href=\"https:\/\/dssegurosloures.pt\/en\/seguro-automovel\/\" \/>\n<meta property=\"og:locale\" content=\"en_GB\" \/>\n<meta property=\"og:type\" content=\"article\" \/>\n<meta property=\"og:title\" content=\"Seguro Autom\u00f3vel em Loures \u2014 Simula\u00e7\u00e3o Gratuita\" \/>\n<meta property=\"og:description\" content=\"Encontre o melhor seguro autom\u00f3vel em Loures. Comparamos v\u00e1rias seguradoras para lhe oferecer o melhor pre\u00e7o. Simula\u00e7\u00e3o gratuita.\" \/>\n<meta property=\"og:url\" content=\"https:\/\/dssegurosloures.pt\/en\/seguro-automovel\/\" \/>\n<meta property=\"og:site_name\" content=\"DS SEGUROS LOURES\" \/>\n<meta property=\"article:publisher\" content=\"https:\/\/www.facebook.com\/DSSEGUROSLOURES\" \/>\n<meta property=\"article:modified_time\" content=\"2026-04-07T15:30:17+00:00\" \/>\n<meta property=\"og:image\" content=\"https:\/\/dssegurosloures.pt\/wp-content\/uploads\/2024\/10\/auto-3298890_1280.webp\" \/>\n\t<meta property=\"og:image:width\" content=\"1280\" \/>\n\t<meta property=\"og:image:height\" content=\"631\" \/>\n\t<meta property=\"og:image:type\" content=\"image\/webp\" \/>\n<meta name=\"twitter:card\" content=\"summary_large_image\" \/>\n<meta name=\"twitter:label1\" content=\"Estimated reading time\" \/>\n\t<meta name=\"twitter:data1\" content=\"2 minutes\" \/>\n<!-- \/ Yoast SEO plugin. -->","yoast_head_json":{"title":"Seguro Autom\u00f3vel em Loures \u2014 Simula\u00e7\u00e3o Gratuita","description":"Encontre o melhor seguro autom\u00f3vel em Loures. Comparamos v\u00e1rias seguradoras para lhe oferecer o melhor pre\u00e7o. Simula\u00e7\u00e3o gratuita.","robots":{"index":"index","follow":"follow","max-snippet":"max-snippet:-1","max-image-preview":"max-image-preview:large","max-video-preview":"max-video-preview:-1"},"canonical":"https:\/\/dssegurosloures.pt\/en\/seguro-automovel\/","og_locale":"en_GB","og_type":"article","og_title":"Seguro Autom\u00f3vel em Loures \u2014 Simula\u00e7\u00e3o Gratuita","og_description":"Encontre o melhor seguro autom\u00f3vel em Loures. Comparamos v\u00e1rias seguradoras para lhe oferecer o melhor pre\u00e7o. Simula\u00e7\u00e3o gratuita.","og_url":"https:\/\/dssegurosloures.pt\/en\/seguro-automovel\/","og_site_name":"DS SEGUROS LOURES","article_publisher":"https:\/\/www.facebook.com\/DSSEGUROSLOURES","article_modified_time":"2026-04-07T15:30:17+00:00","og_image":[{"width":1280,"height":631,"url":"https:\/\/dssegurosloures.pt\/wp-content\/uploads\/2024\/10\/auto-3298890_1280.webp","type":"image\/webp"}],"twitter_card":"summary_large_image","twitter_misc":{"Estimated reading time":"2 minutes"},"schema":{"@context":"https:\/\/schema.org","@graph":[{"@type":"WebPage","@id":"https:\/\/dssegurosloures.pt\/en\/seguro-automovel\/","url":"https:\/\/dssegurosloures.pt\/en\/seguro-automovel\/","name":"Seguro Autom\u00f3vel em Loures \u2014 Simula\u00e7\u00e3o Gratuita","isPartOf":{"@id":"https:\/\/dssegurosloures.pt\/en\/#website"},"primaryImageOfPage":{"@id":"https:\/\/dssegurosloures.pt\/en\/seguro-automovel\/#primaryimage"},"image":{"@id":"https:\/\/dssegurosloures.pt\/en\/seguro-automovel\/#primaryimage"},"thumbnailUrl":"https:\/\/dssegurosloures.pt\/wp-content\/uploads\/2024\/10\/auto-3298890_1280.webp","datePublished":"2024-03-15T12:17:53+00:00","dateModified":"2026-04-07T15:30:17+00:00","description":"Encontre o melhor seguro autom\u00f3vel em Loures. Comparamos v\u00e1rias seguradoras para lhe oferecer o melhor pre\u00e7o. Simula\u00e7\u00e3o gratuita.","breadcrumb":{"@id":"https:\/\/dssegurosloures.pt\/en\/seguro-automovel\/#breadcrumb"},"inLanguage":"en-GB","potentialAction":[{"@type":"ReadAction","target":["https:\/\/dssegurosloures.pt\/en\/seguro-automovel\/"]}]},{"@type":"ImageObject","inLanguage":"en-GB","@id":"https:\/\/dssegurosloures.pt\/en\/seguro-automovel\/#primaryimage","url":"https:\/\/dssegurosloures.pt\/wp-content\/uploads\/2024\/10\/auto-3298890_1280.webp","contentUrl":"https:\/\/dssegurosloures.pt\/wp-content\/uploads\/2024\/10\/auto-3298890_1280.webp","width":1280,"height":631},{"@type":"BreadcrumbList","@id":"https:\/\/dssegurosloures.pt\/en\/seguro-automovel\/#breadcrumb","itemListElement":[{"@type":"ListItem","position":1,"name":"In\u00edcio","item":"https:\/\/dssegurosloures.pt\/en\/"},{"@type":"ListItem","position":2,"name":"Seguro Autom\u00f3vel"}]},{"@type":"WebSite","@id":"https:\/\/dssegurosloures.pt\/en\/#website","url":"https:\/\/dssegurosloures.pt\/en\/","name":"DS SEGUROS LOURES","description":"M\u00e1xima poupan\u00e7a mensal poss\u00edvel para cada cliente","publisher":{"@id":"https:\/\/dssegurosloures.pt\/en\/#organization"},"potentialAction":[{"@type":"SearchAction","target":{"@type":"EntryPoint","urlTemplate":"https:\/\/dssegurosloures.pt\/en\/?s={search_term_string}"},"query-input":{"@type":"PropertyValueSpecification","valueRequired":true,"valueName":"search_term_string"}}],"inLanguage":"en-GB"},{"@type":"Organization","@id":"https:\/\/dssegurosloures.pt\/en\/#organization","name":"DS SEGUROS LOURES","url":"https:\/\/dssegurosloures.pt\/en\/","logo":{"@type":"ImageObject","inLanguage":"en-GB","@id":"https:\/\/dssegurosloures.pt\/en\/#\/schema\/logo\/image\/","url":"https:\/\/dssegurosloures.pt\/wp-content\/uploads\/2024\/11\/logo-dsseguros-loures.webp","contentUrl":"https:\/\/dssegurosloures.pt\/wp-content\/uploads\/2024\/11\/logo-dsseguros-loures.webp","width":297,"height":370,"caption":"DS SEGUROS LOURES"},"image":{"@id":"https:\/\/dssegurosloures.pt\/en\/#\/schema\/logo\/image\/"},"sameAs":["https:\/\/www.facebook.com\/DSSEGUROSLOURES","https:\/\/www.linkedin.com\/company\/dsegurosloures\/","https:\/\/www.instagram.com\/dssegurosloures\/"]}]}},"_links":{"self":[{"href":"https:\/\/dssegurosloures.pt\/en\/wp-json\/wp\/v2\/pages\/7853","targetHints":{"allow":["GET"]}}],"collection":[{"href":"https:\/\/dssegurosloures.pt\/en\/wp-json\/wp\/v2\/pages"}],"about":[{"href":"https:\/\/dssegurosloures.pt\/en\/wp-json\/wp\/v2\/types\/page"}],"author":[{"embeddable":true,"href":"https:\/\/dssegurosloures.pt\/en\/wp-json\/wp\/v2\/users\/1"}],"replies":[{"embeddable":true,"href":"https:\/\/dssegurosloures.pt\/en\/wp-json\/wp\/v2\/comments?post=7853"}],"version-history":[{"count":16,"href":"https:\/\/dssegurosloures.pt\/en\/wp-json\/wp\/v2\/pages\/7853\/revisions"}],"predecessor-version":[{"id":9484,"href":"https:\/\/dssegurosloures.pt\/en\/wp-json\/wp\/v2\/pages\/7853\/revisions\/9484"}],"wp:featuredmedia":[{"embeddable":true,"href":"https:\/\/dssegurosloures.pt\/en\/wp-json\/wp\/v2\/media\/8554"}],"wp:attachment":[{"href":"https:\/\/dssegurosloures.pt\/en\/wp-json\/wp\/v2\/media?parent=7853"}],"curies":[{"name":"wp","href":"https:\/\/api.w.org\/{rel}","templated":true}]}}