{"id":8000,"date":"2024-03-19T17:55:17","date_gmt":"2024-03-19T17:55:17","guid":{"rendered":"https:\/\/dssegurosloures.pt\/job-openings\/"},"modified":"2024-12-03T15:36:53","modified_gmt":"2024-12-03T15:36:53","slug":"recrutamento","status":"publish","type":"page","link":"https:\/\/dssegurosloures.pt\/en\/recrutamento\/","title":{"rendered":"Recruitment"},"content":{"rendered":"<div data-elementor-type=\"wp-page\" data-elementor-id=\"8000\" class=\"elementor elementor-8000\" data-elementor-post-type=\"page\">\n\t\t\t\t<div class=\"elementor-element elementor-element-588edad7 e-con-full e-flex e-con e-parent\" data-id=\"588edad7\" data-element_type=\"container\" data-e-type=\"container\">\n\t\t<div class=\"elementor-element elementor-element-e12153d e-con-full e-flex e-con e-child\" data-id=\"e12153d\" data-element_type=\"container\" data-e-type=\"container\" data-settings=\"{&quot;background_background&quot;:&quot;classic&quot;,&quot;shape_divider_bottom&quot;:&quot;curve&quot;,&quot;shape_divider_bottom_negative&quot;:&quot;yes&quot;}\">\n\t\t\t\t<div class=\"elementor-shape elementor-shape-bottom\" aria-hidden=\"true\" data-negative=\"true\">\n\t\t\t<svg xmlns=\"http:\/\/www.w3.org\/2000\/svg\" viewbox=\"0 0 1000 100\" preserveaspectratio=\"none\">\n\t<path class=\"elementor-shape-fill\" d=\"M500,97C126.7,96.3,0.8,19.8,0,0v100l1000,0V1C1000,19.4,873.3,97.8,500,97z\"\/>\n<\/svg>\t\t<\/div>\n\t\t<div class=\"elementor-element elementor-element-271ec8d e-flex e-con-boxed e-con e-child\" data-id=\"271ec8d\" data-element_type=\"container\" data-e-type=\"container\">\n\t\t\t\t\t<div class=\"e-con-inner\">\n\t\t\t\t<div class=\"elementor-element elementor-element-e926985 elementor-invisible elementor-widget elementor-widget-heading\" data-id=\"e926985\" data-element_type=\"widget\" data-e-type=\"widget\" data-settings=\"{&quot;_animation&quot;:&quot;bounceInLeft&quot;}\" data-widget_type=\"heading.default\">\n\t\t\t\t<div class=\"elementor-widget-container\">\n\t\t\t\t\t<h1 class=\"elementor-heading-title elementor-size-default\">Recruitment<\/h1>\t\t\t\t<\/div>\n\t\t\t\t<\/div>\n\t\t\t\t<div class=\"elementor-element elementor-element-a755c4d elementor-widget elementor-widget-heading\" data-id=\"a755c4d\" data-element_type=\"widget\" data-e-type=\"widget\" data-settings=\"{&quot;_animation&quot;:&quot;none&quot;}\" data-widget_type=\"heading.default\">\n\t\t\t\t<div class=\"elementor-widget-container\">\n\t\t\t\t\t<h1 class=\"elementor-heading-title elementor-size-default\">DS Seguros<\/h1>\t\t\t\t<\/div>\n\t\t\t\t<\/div>\n\t\t\t\t<div class=\"elementor-element elementor-element-c66f771 elementor-invisible elementor-widget elementor-widget-heading\" data-id=\"c66f771\" data-element_type=\"widget\" data-e-type=\"widget\" data-settings=\"{&quot;_animation&quot;:&quot;bounceInRight&quot;}\" data-widget_type=\"heading.default\">\n\t\t\t\t<div class=\"elementor-widget-container\">\n\t\t\t\t\t<h1 class=\"elementor-heading-title elementor-size-default\">LOURES<\/h1>\t\t\t\t<\/div>\n\t\t\t\t<\/div>\n\t\t\t\t\t<\/div>\n\t\t\t\t<\/div>\n\t\t\t\t<\/div>\n\t\t\t\t<\/div>\n\t\t<div class=\"elementor-element elementor-element-67680bd e-flex e-con-boxed e-con e-parent\" data-id=\"67680bd\" data-element_type=\"container\" data-e-type=\"container\">\n\t\t\t\t\t<div class=\"e-con-inner\">\n\t\t\t\t<div class=\"elementor-element elementor-element-46e844d elementor-widget elementor-widget-text-editor\" data-id=\"46e844d\" data-element_type=\"widget\" data-e-type=\"widget\" data-widget_type=\"text-editor.default\">\n\t\t\t\t<div class=\"elementor-widget-container\">\n\t\t\t\t\t\t\t\t\t<h2>Join our team!<\/h2><p>If you are looking for a prestigious, profitable career with great growth prospects, contact us!<\/p>\t\t\t\t\t\t\t\t<\/div>\n\t\t\t\t<\/div>\n\t\t\t\t<div class=\"elementor-element elementor-element-a3ed170 elementor-widget elementor-widget-text-editor\" data-id=\"a3ed170\" data-element_type=\"widget\" data-e-type=\"widget\" data-widget_type=\"text-editor.default\">\n\t\t\t\t<div class=\"elementor-widget-container\">\n\t\t\t\t\t\t\t\t\t<section class=\"job-listing row clearfix\" aria-label=\"Job listings\"><div class=\"column medium-12 col-md-12\" role=\"list\"><article class=\"job-preview clearfix\" role=\"article\" aria-labelledby=\"job-title-8425\"><div class=\"job-content\"><h5><a href=\"https:\/\/dssegurosloures.pt\/en\/job\/consultor-de-seguros-associado\/\" id=\"job-title-8425\" target=\"_self\"><span>Associate Insurance Consultant<\/span><\/a><\/h5><div class=\"job-additional-information\" aria-label=\"Additional job information\"><span>Full-time<\/span><\/div><\/div><div class=\"job-cta\"><a href=\"https:\/\/dssegurosloures.pt\/en\/job\/consultor-de-seguros-associado\/\" target=\"_self\" class=\"apply-btn local\" aria-label=\"View job: Consultor de Seguros Associado\">View<\/a><\/div><\/article><article class=\"job-preview clearfix\" role=\"article\" aria-labelledby=\"job-title-8004\"><div class=\"job-content\"><h5><a href=\"https:\/\/dssegurosloures.pt\/en\/job\/consultor-de-seguros\/\" id=\"job-title-8004\" target=\"_self\"><span>Insurance Consultant<\/span><\/a><\/h5><div class=\"job-additional-information\" aria-label=\"Additional job information\"><span>Full-time, Part-time<\/span><\/div><\/div><div class=\"job-cta\"><a href=\"https:\/\/dssegurosloures.pt\/en\/job\/consultor-de-seguros\/\" target=\"_self\" class=\"apply-btn local\" aria-label=\"View job: Consultor de Seguros\">View<\/a><\/div><\/article><\/div><\/section>\t\t\t\t\t\t\t\t<\/div>\n\t\t\t\t<\/div>\n\t\t\t\t\t<\/div>\n\t\t\t\t<\/div>\n\t\t<div class=\"elementor-element elementor-element-99a598d e-flex e-con-boxed e-con e-parent\" data-id=\"99a598d\" data-element_type=\"container\" data-e-type=\"container\">\n\t\t\t\t\t<div class=\"e-con-inner\">\n\t\t\t\t<div class=\"elementor-element elementor-element-0089936 elementor-widget elementor-widget-heading\" data-id=\"0089936\" data-element_type=\"widget\" data-e-type=\"widget\" data-widget_type=\"heading.default\">\n\t\t\t\t<div class=\"elementor-widget-container\">\n\t\t\t\t\t<h4 class=\"elementor-heading-title elementor-size-default\">Spontaneous Application<\/h4>\t\t\t\t<\/div>\n\t\t\t\t<\/div>\n\t\t\t\t<div class=\"elementor-element elementor-element-b9385b1 elementor-widget elementor-widget-text-editor\" data-id=\"b9385b1\" data-element_type=\"widget\" data-e-type=\"widget\" data-widget_type=\"text-editor.default\">\n\t\t\t\t<div class=\"elementor-widget-container\">\n\t\t\t\t\t\t\t\t\t<p><strong>Join our team!<\/strong><\/p><p>If you are looking for new challenges and want to be part of a growing company, we invite you to submit your spontaneous application. We value talent and initiative, and are always looking for passionate professionals who want to contribute to our success.<\/p><p><strong>How to apply:<\/strong><\/p><p>Send us your resume and a cover letter highlighting your experiences and skills to <a href=\"mailto:loures@dsseguros.pt\">loures@dsseguros.pt<\/a>. Even if you don't have a specific position in mind, we will be happy to learn about your profile and consider you for future opportunities.<\/p><p><strong>Your future starts here!<\/strong> We appreciate your interest in being part of our team.<\/p>\t\t\t\t\t\t\t\t<\/div>\n\t\t\t\t<\/div>\n\t\t\t\t\t<\/div>\n\t\t\t\t<\/div>\n\t\t\t\t<\/div>","protected":false},"excerpt":{"rendered":"<p>Recrutamento DS Seguros LOURES Junte-se \u00e0 nossa equipa! Se est\u00e1 em busca de uma carreira prestigiada, rent\u00e1vel e com grandes perspetivas de crescimento, entre em contato connosco! Candidatura Espont\u00e2nea Junte-se \u00e0 nossa equipa! Se est\u00e1 \u00e0 procura de novos desafios e deseja fazer parte de uma empresa em crescimento, convidamo-lo a enviar a sua candidatura [&hellip;]<\/p>\n","protected":false},"author":1,"featured_media":8528,"parent":0,"menu_order":0,"comment_status":"closed","ping_status":"closed","template":"elementor_header_footer","meta":{"footnotes":""},"class_list":["post-8000","page","type-page","status-publish","has-post-thumbnail","hentry"],"blocksy_meta":[],"yoast_head":"<!-- This site is optimized with the Yoast SEO plugin v27.5 - https:\/\/yoast.com\/product\/yoast-seo-wordpress\/ -->\n<title>Recrutamento - DS SEGUROS LOURES<\/title>\n<meta name=\"robots\" content=\"index, follow, max-snippet:-1, max-image-preview:large, max-video-preview:-1\" \/>\n<link rel=\"canonical\" href=\"https:\/\/dssegurosloures.pt\/en\/recrutamento\/\" \/>\n<meta property=\"og:locale\" content=\"en_GB\" \/>\n<meta property=\"og:type\" content=\"article\" \/>\n<meta property=\"og:title\" content=\"Recrutamento - DS SEGUROS LOURES\" \/>\n<meta property=\"og:description\" content=\"Recrutamento DS Seguros LOURES Junte-se \u00e0 nossa equipa! Se est\u00e1 em busca de uma carreira prestigiada, rent\u00e1vel e com grandes perspetivas de crescimento, entre em contato connosco! Candidatura Espont\u00e2nea Junte-se \u00e0 nossa equipa! Se est\u00e1 \u00e0 procura de novos desafios e deseja fazer parte de uma empresa em crescimento, convidamo-lo a enviar a sua candidatura [&hellip;]\" \/>\n<meta property=\"og:url\" content=\"https:\/\/dssegurosloures.pt\/en\/recrutamento\/\" \/>\n<meta property=\"og:site_name\" content=\"DS SEGUROS LOURES\" \/>\n<meta property=\"article:publisher\" content=\"https:\/\/www.facebook.com\/DSSEGUROSLOURES\" \/>\n<meta property=\"article:modified_time\" content=\"2024-12-03T15:36:53+00:00\" \/>\n<meta property=\"og:image\" content=\"https:\/\/dssegurosloures.pt\/wp-content\/uploads\/2024\/10\/business-8676516_1280.webp\" \/>\n\t<meta property=\"og:image:width\" content=\"1280\" \/>\n\t<meta property=\"og:image:height\" content=\"583\" \/>\n\t<meta property=\"og:image:type\" content=\"image\/webp\" \/>\n<meta name=\"twitter:card\" content=\"summary_large_image\" \/>\n<meta name=\"twitter:label1\" content=\"Estimated reading time\" \/>\n\t<meta name=\"twitter:data1\" content=\"1 minute\" \/>\n<!-- \/ Yoast SEO plugin. -->","yoast_head_json":{"title":"Recrutamento - DS SEGUROS LOURES","robots":{"index":"index","follow":"follow","max-snippet":"max-snippet:-1","max-image-preview":"max-image-preview:large","max-video-preview":"max-video-preview:-1"},"canonical":"https:\/\/dssegurosloures.pt\/en\/recrutamento\/","og_locale":"en_GB","og_type":"article","og_title":"Recrutamento - DS SEGUROS LOURES","og_description":"Recrutamento DS Seguros LOURES Junte-se \u00e0 nossa equipa! Se est\u00e1 em busca de uma carreira prestigiada, rent\u00e1vel e com grandes perspetivas de crescimento, entre em contato connosco! Candidatura Espont\u00e2nea Junte-se \u00e0 nossa equipa! Se est\u00e1 \u00e0 procura de novos desafios e deseja fazer parte de uma empresa em crescimento, convidamo-lo a enviar a sua candidatura [&hellip;]","og_url":"https:\/\/dssegurosloures.pt\/en\/recrutamento\/","og_site_name":"DS SEGUROS LOURES","article_publisher":"https:\/\/www.facebook.com\/DSSEGUROSLOURES","article_modified_time":"2024-12-03T15:36:53+00:00","og_image":[{"width":1280,"height":583,"url":"https:\/\/dssegurosloures.pt\/wp-content\/uploads\/2024\/10\/business-8676516_1280.webp","type":"image\/webp"}],"twitter_card":"summary_large_image","twitter_misc":{"Estimated reading time":"1 minute"},"schema":{"@context":"https:\/\/schema.org","@graph":[{"@type":"WebPage","@id":"https:\/\/dssegurosloures.pt\/en\/recrutamento\/","url":"https:\/\/dssegurosloures.pt\/en\/recrutamento\/","name":"Recrutamento - DS SEGUROS LOURES","isPartOf":{"@id":"https:\/\/dssegurosloures.pt\/en\/#website"},"primaryImageOfPage":{"@id":"https:\/\/dssegurosloures.pt\/en\/recrutamento\/#primaryimage"},"image":{"@id":"https:\/\/dssegurosloures.pt\/en\/recrutamento\/#primaryimage"},"thumbnailUrl":"https:\/\/dssegurosloures.pt\/wp-content\/uploads\/2024\/10\/business-8676516_1280.webp","datePublished":"2024-03-19T17:55:17+00:00","dateModified":"2024-12-03T15:36:53+00:00","breadcrumb":{"@id":"https:\/\/dssegurosloures.pt\/en\/recrutamento\/#breadcrumb"},"inLanguage":"en-GB","potentialAction":[{"@type":"ReadAction","target":["https:\/\/dssegurosloures.pt\/en\/recrutamento\/"]}]},{"@type":"ImageObject","inLanguage":"en-GB","@id":"https:\/\/dssegurosloures.pt\/en\/recrutamento\/#primaryimage","url":"https:\/\/dssegurosloures.pt\/wp-content\/uploads\/2024\/10\/business-8676516_1280.webp","contentUrl":"https:\/\/dssegurosloures.pt\/wp-content\/uploads\/2024\/10\/business-8676516_1280.webp","width":1280,"height":583},{"@type":"BreadcrumbList","@id":"https:\/\/dssegurosloures.pt\/en\/recrutamento\/#breadcrumb","itemListElement":[{"@type":"ListItem","position":1,"name":"In\u00edcio","item":"https:\/\/dssegurosloures.pt\/en\/"},{"@type":"ListItem","position":2,"name":"Recrutamento"}]},{"@type":"WebSite","@id":"https:\/\/dssegurosloures.pt\/en\/#website","url":"https:\/\/dssegurosloures.pt\/en\/","name":"DS SEGUROS LOURES","description":"M\u00e1xima poupan\u00e7a mensal poss\u00edvel para cada cliente","publisher":{"@id":"https:\/\/dssegurosloures.pt\/en\/#organization"},"potentialAction":[{"@type":"SearchAction","target":{"@type":"EntryPoint","urlTemplate":"https:\/\/dssegurosloures.pt\/en\/?s={search_term_string}"},"query-input":{"@type":"PropertyValueSpecification","valueRequired":true,"valueName":"search_term_string"}}],"inLanguage":"en-GB"},{"@type":"Organization","@id":"https:\/\/dssegurosloures.pt\/en\/#organization","name":"DS SEGUROS LOURES","url":"https:\/\/dssegurosloures.pt\/en\/","logo":{"@type":"ImageObject","inLanguage":"en-GB","@id":"https:\/\/dssegurosloures.pt\/en\/#\/schema\/logo\/image\/","url":"https:\/\/dssegurosloures.pt\/wp-content\/uploads\/2024\/11\/logo-dsseguros-loures.webp","contentUrl":"https:\/\/dssegurosloures.pt\/wp-content\/uploads\/2024\/11\/logo-dsseguros-loures.webp","width":297,"height":370,"caption":"DS SEGUROS LOURES"},"image":{"@id":"https:\/\/dssegurosloures.pt\/en\/#\/schema\/logo\/image\/"},"sameAs":["https:\/\/www.facebook.com\/DSSEGUROSLOURES","https:\/\/www.linkedin.com\/company\/dsegurosloures\/","https:\/\/www.instagram.com\/dssegurosloures\/"]}]}},"_links":{"self":[{"href":"https:\/\/dssegurosloures.pt\/en\/wp-json\/wp\/v2\/pages\/8000","targetHints":{"allow":["GET"]}}],"collection":[{"href":"https:\/\/dssegurosloures.pt\/en\/wp-json\/wp\/v2\/pages"}],"about":[{"href":"https:\/\/dssegurosloures.pt\/en\/wp-json\/wp\/v2\/types\/page"}],"author":[{"embeddable":true,"href":"https:\/\/dssegurosloures.pt\/en\/wp-json\/wp\/v2\/users\/1"}],"replies":[{"embeddable":true,"href":"https:\/\/dssegurosloures.pt\/en\/wp-json\/wp\/v2\/comments?post=8000"}],"version-history":[{"count":6,"href":"https:\/\/dssegurosloures.pt\/en\/wp-json\/wp\/v2\/pages\/8000\/revisions"}],"predecessor-version":[{"id":9523,"href":"https:\/\/dssegurosloures.pt\/en\/wp-json\/wp\/v2\/pages\/8000\/revisions\/9523"}],"wp:featuredmedia":[{"embeddable":true,"href":"https:\/\/dssegurosloures.pt\/en\/wp-json\/wp\/v2\/media\/8528"}],"wp:attachment":[{"href":"https:\/\/dssegurosloures.pt\/en\/wp-json\/wp\/v2\/media?parent=8000"}],"curies":[{"name":"wp","href":"https:\/\/api.w.org\/{rel}","templated":true}]}}