{"id":9166,"date":"2024-11-27T11:37:01","date_gmt":"2024-11-27T11:37:01","guid":{"rendered":"https:\/\/dssegurosloures.pt\/?page_id=9166"},"modified":"2024-12-03T15:32:50","modified_gmt":"2024-12-03T15:32:50","slug":"seguro-protecao-juridica","status":"publish","type":"page","link":"https:\/\/dssegurosloures.pt\/en\/seguro-protecao-juridica\/","title":{"rendered":"Legal Protection Insurance"},"content":{"rendered":"<div data-elementor-type=\"wp-page\" data-elementor-id=\"9166\" class=\"elementor elementor-9166\" data-elementor-post-type=\"page\">\n\t\t\t\t<div class=\"elementor-element elementor-element-2086719 e-con-full e-flex e-con e-parent\" data-id=\"2086719\" data-element_type=\"container\" data-e-type=\"container\" data-settings=\"{&quot;background_background&quot;:&quot;classic&quot;,&quot;shape_divider_bottom&quot;:&quot;curve&quot;,&quot;shape_divider_bottom_negative&quot;:&quot;yes&quot;}\">\n\t\t\t\t<div class=\"elementor-shape elementor-shape-bottom\" aria-hidden=\"true\" data-negative=\"true\">\n\t\t\t<svg xmlns=\"http:\/\/www.w3.org\/2000\/svg\" viewbox=\"0 0 1000 100\" preserveaspectratio=\"none\">\n\t<path class=\"elementor-shape-fill\" d=\"M500,97C126.7,96.3,0.8,19.8,0,0v100l1000,0V1C1000,19.4,873.3,97.8,500,97z\"\/>\n<\/svg>\t\t<\/div>\n\t\t<div class=\"elementor-element elementor-element-8a1d7a3 e-flex e-con-boxed e-con e-child\" data-id=\"8a1d7a3\" data-element_type=\"container\" data-e-type=\"container\">\n\t\t\t\t\t<div class=\"e-con-inner\">\n\t\t\t\t<div class=\"elementor-element elementor-element-fe6725d elementor-invisible elementor-widget elementor-widget-heading\" data-id=\"fe6725d\" data-element_type=\"widget\" data-e-type=\"widget\" data-settings=\"{&quot;_animation&quot;:&quot;bounceInLeft&quot;}\" data-widget_type=\"heading.default\">\n\t\t\t\t<div class=\"elementor-widget-container\">\n\t\t\t\t\t<h1 class=\"elementor-heading-title elementor-size-default\">Legal Protection<\/h1>\t\t\t\t<\/div>\n\t\t\t\t<\/div>\n\t\t\t\t<div class=\"elementor-element elementor-element-83538c2 elementor-invisible elementor-widget elementor-widget-heading\" data-id=\"83538c2\" data-element_type=\"widget\" data-e-type=\"widget\" data-settings=\"{&quot;_animation&quot;:&quot;bounceInLeft&quot;}\" data-widget_type=\"heading.default\">\n\t\t\t\t<div class=\"elementor-widget-container\">\n\t\t\t\t\t<h1 class=\"elementor-heading-title elementor-size-default\">Insurance<\/h1>\t\t\t\t<\/div>\n\t\t\t\t<\/div>\n\t\t\t\t\t<\/div>\n\t\t\t\t<\/div>\n\t\t\t\t<\/div>\n\t\t<div class=\"elementor-element elementor-element-93fa12d e-flex e-con-boxed e-con e-parent\" data-id=\"93fa12d\" data-element_type=\"container\" data-e-type=\"container\" data-settings=\"{&quot;background_background&quot;:&quot;classic&quot;}\">\n\t\t\t\t\t<div class=\"e-con-inner\">\n\t\t\t\t<div class=\"elementor-element elementor-element-f3fe695 premium-title-color elementor-widget elementor-widget-premium-addon-title\" data-id=\"f3fe695\" data-element_type=\"widget\" data-e-type=\"widget\" data-widget_type=\"premium-addon-title.default\">\n\t\t\t\t<div class=\"elementor-widget-container\">\n\t\t\t\t\t\n\t\t<div class=\"premium-title-wrapper\">\n\t\t\t<div class=\"premium-title-container style1\">\n\t\t\t\t<h2 class=\"premium-title-header premium-title-style1\">\n\t\t\t\t\t\n\t\t\t\t\t\n\t\t\t\t\t\t\t\t\t\t\t\t\t\t\t<span class=\"premium-title-text\">\n\t\t\t\t\t\tLegal Protection Insurance\t\t\t\t\t<\/span>\n\t\t\t\t\t\t\n\t\t\t\t\t\t\t\t\t\t\n\t\t\t\t\t\t\t\t\t<\/h2>\n\n\t\t\t<\/div>\n\n\t\t\t\t\t<\/div>\n\n\t\t\t\t\t\t<\/div>\n\t\t\t\t<\/div>\n\t\t\t\t\t<\/div>\n\t\t\t\t<\/div>\n\t\t<div class=\"elementor-element elementor-element-19629c2 e-flex e-con-boxed e-con e-parent\" data-id=\"19629c2\" data-element_type=\"container\" data-e-type=\"container\" data-settings=\"{&quot;background_background&quot;:&quot;classic&quot;}\">\n\t\t\t\t\t<div class=\"e-con-inner\">\n\t\t<div class=\"elementor-element elementor-element-55005d3 e-con-full e-flex e-con e-child\" data-id=\"55005d3\" data-element_type=\"container\" data-e-type=\"container\" data-settings=\"{&quot;background_background&quot;:&quot;classic&quot;}\">\n\t\t\t\t<div class=\"elementor-element elementor-element-a5cb3fb elementor-widget elementor-widget-text-editor\" data-id=\"a5cb3fb\" data-element_type=\"widget\" data-e-type=\"widget\" data-widget_type=\"text-editor.default\">\n\t\t\t\t<div class=\"elementor-widget-container\">\n\t\t\t\t\t\t\t\t\t<p><strong>Legal Protection Insurance: Legal Support Always Within Your Reach<\/strong><\/p><p>At <strong>DS Seguros Loures<\/strong>we understand that unexpected legal issues can arise at any time, affecting your peace of mind and financial stability. The <strong>Legal Protection Insurance<\/strong> is the ideal solution to ensure access to specialized legal support, providing security and confidence in complex situations.<\/p><p><strong>Benefits of Legal Protection Insurance<\/strong><\/p><ul><li><strong>Legal Consultancy<\/strong>: Legal Consultancy: Specialized legal advice to help you make informed decisions on any matter requiring legal guidance.<\/li><li><strong>Legal Expense Coverage<\/strong>: Payment of attorney fees, court costs, and other expenses associated with legal proceedings.<\/li><li><strong>Defense and Claims of Rights<\/strong>: Legal representation in disputes, whether to defend your rights or to claim compensation.<\/li><li><strong>Telephone Legal Assistance<\/strong>: A dedicated helpline to clarify legal doubts in real time.<\/li><\/ul><p><strong>Advantages of Legal Protection Insurance<\/strong><\/p><ul><li><strong>Peace of Mind and Security<\/strong>: Guarantee of legal support in cases of disputes or unexpected legal issues.<\/li><li><strong>Cost Reduction<\/strong>: Avoids unexpected expenses related to legal proceedings and attorney fees.<\/li><li><strong>Immediate Access to Lawyers<\/strong>: Qualified legal support always available for your needs.<\/li><\/ul><p><strong>Who Should Purchase It?<\/strong><\/p><p>The <strong>Legal Protection Insurance<\/strong> it is recommended for:<\/p><ul><li><strong>Individuals<\/strong>: Guarantee of legal protection in daily life, in situations such as contractual disputes or family matters.<\/li><li><strong>General Companie Insurance<\/strong>: Legal support for managing contracts, human resources, and other legal matters related to business activities.<\/li><li><strong>Freelancers and Self-Employed Professionals<\/strong>: Protection of rights and professional interests in legal matters related to your activity.<\/li><\/ul><p>With the <strong>DS Seguros Loures Legal Protection Insurance<\/strong>, you will always be supported by specialists ready to protect your rights. Contact us and discover how we can help you handle legal contingencies in a simple, efficient, and secure way.<\/p>\t\t\t\t\t\t\t\t<\/div>\n\t\t\t\t<\/div>\n\t\t\t\t<\/div>\n\t\t\t\t\t<\/div>\n\t\t\t\t<\/div>\n\t\t<div class=\"elementor-element elementor-element-f5650ee e-con-full e-flex e-con e-parent\" data-id=\"f5650ee\" data-element_type=\"container\" data-e-type=\"container\" data-settings=\"{&quot;background_background&quot;:&quot;classic&quot;}\">\n\t\t<div class=\"elementor-element elementor-element-0da594f e-con-full e-flex e-con e-child\" data-id=\"0da594f\" data-element_type=\"container\" data-e-type=\"container\" data-settings=\"{&quot;background_background&quot;:&quot;classic&quot;}\">\n\t\t\t\t<div class=\"elementor-element elementor-element-3540d25 elementor-cta--layout-image-left elementor-bg-transform elementor-bg-transform-move-up elementor-cta--skin-classic elementor-animated-content elementor-widget elementor-widget-call-to-action\" data-id=\"3540d25\" data-element_type=\"widget\" data-e-type=\"widget\" data-widget_type=\"call-to-action.default\">\n\t\t\t\t<div class=\"elementor-widget-container\">\n\t\t\t\t\t\t\t<div class=\"elementor-cta\">\n\t\t\t\t\t<div class=\"elementor-cta__bg-wrapper\">\n\t\t\t\t<div class=\"elementor-cta__bg elementor-bg\" style=\"background-image: url(https:\/\/dssegurosloures.pt\/wp-content\/uploads\/2024\/11\/1664615947774-1024x701.webp);\" role=\"img\" aria-label=\"\"><\/div>\n\t\t\t\t<div class=\"elementor-cta__bg-overlay\"><\/div>\n\t\t\t<\/div>\n\t\t\t\t\t\t\t<div class=\"elementor-cta__content\">\n\t\t\t\t\n\t\t\t\t\t\t\t\t\t<h2 class=\"elementor-cta__title elementor-cta__content-item elementor-content-item\">\n\t\t\t\t\t\tWant to Know More?\t\t\t\t\t<\/h2>\n\t\t\t\t\n\t\t\t\t\n\t\t\t\t\t\t\t\t\t<div class=\"elementor-cta__button-wrapper elementor-cta__content-item elementor-content-item\">\n\t\t\t\t\t<a class=\"elementor-cta__button elementor-button elementor-size-\" href=\"https:\/\/dssegurosloures.pt\/en\/contactos\/\">\n\t\t\t\t\t\tClick Here\t\t\t\t\t<\/a>\n\t\t\t\t\t<\/div>\n\t\t\t\t\t\t\t<\/div>\n\t\t\t\t\t\t<\/div>\n\t\t\t\t\t\t<\/div>\n\t\t\t\t<\/div>\n\t\t\t\t<\/div>\n\t\t\t\t<\/div>\n\t\t\t\t<\/div>","protected":false},"excerpt":{"rendered":"<p>Prote\u00e7\u00e3o Jur\u00eddica Seguro de Seguro de Prote\u00e7\u00e3o Jur\u00eddica Seguro de Prote\u00e7\u00e3o Jur\u00eddica: Apoio Legal Sempre ao Seu Alcance Na DS Seguros Loures, sabemos que quest\u00f5es legais inesperadas podem surgir a qualquer momento, impactando a sua tranquilidade e estabilidade financeira. O Seguro de Prote\u00e7\u00e3o Jur\u00eddica \u00e9 a solu\u00e7\u00e3o ideal para garantir acesso a suporte jur\u00eddico especializado, [&hellip;]<\/p>\n","protected":false},"author":1,"featured_media":9320,"parent":0,"menu_order":0,"comment_status":"closed","ping_status":"closed","template":"elementor_header_footer","meta":{"footnotes":""},"class_list":["post-9166","page","type-page","status-publish","has-post-thumbnail","hentry"],"blocksy_meta":[],"yoast_head":"<!-- This site is optimized with the Yoast SEO plugin v27.5 - https:\/\/yoast.com\/product\/yoast-seo-wordpress\/ -->\n<title>Seguro Prote\u00e7\u00e3o Jur\u00eddica - DS SEGUROS LOURES<\/title>\n<meta name=\"robots\" content=\"index, follow, max-snippet:-1, max-image-preview:large, max-video-preview:-1\" \/>\n<link rel=\"canonical\" href=\"https:\/\/dssegurosloures.pt\/en\/seguro-protecao-juridica\/\" \/>\n<meta property=\"og:locale\" content=\"en_GB\" \/>\n<meta property=\"og:type\" content=\"article\" \/>\n<meta property=\"og:title\" content=\"Seguro Prote\u00e7\u00e3o Jur\u00eddica - DS SEGUROS LOURES\" \/>\n<meta property=\"og:description\" content=\"Prote\u00e7\u00e3o Jur\u00eddica Seguro de Seguro de Prote\u00e7\u00e3o Jur\u00eddica Seguro de Prote\u00e7\u00e3o Jur\u00eddica: Apoio Legal Sempre ao Seu Alcance Na DS Seguros Loures, sabemos que quest\u00f5es legais inesperadas podem surgir a qualquer momento, impactando a sua tranquilidade e estabilidade financeira. O Seguro de Prote\u00e7\u00e3o Jur\u00eddica \u00e9 a solu\u00e7\u00e3o ideal para garantir acesso a suporte jur\u00eddico especializado, [&hellip;]\" \/>\n<meta property=\"og:url\" content=\"https:\/\/dssegurosloures.pt\/en\/seguro-protecao-juridica\/\" \/>\n<meta property=\"og:site_name\" content=\"DS SEGUROS LOURES\" \/>\n<meta property=\"article:publisher\" content=\"https:\/\/www.facebook.com\/DSSEGUROSLOURES\" \/>\n<meta property=\"article:modified_time\" content=\"2024-12-03T15:32:50+00:00\" \/>\n<meta property=\"og:image\" content=\"https:\/\/dssegurosloures.pt\/wp-content\/uploads\/2024\/11\/juridico-t.webp\" \/>\n\t<meta property=\"og:image:width\" content=\"1024\" \/>\n\t<meta property=\"og:image:height\" content=\"683\" \/>\n\t<meta property=\"og:image:type\" content=\"image\/webp\" \/>\n<meta name=\"twitter:card\" content=\"summary_large_image\" \/>\n<meta name=\"twitter:label1\" content=\"Estimated reading time\" \/>\n\t<meta name=\"twitter:data1\" content=\"2 minutes\" \/>\n<!-- \/ Yoast SEO plugin. -->","yoast_head_json":{"title":"Seguro Prote\u00e7\u00e3o Jur\u00eddica - DS SEGUROS LOURES","robots":{"index":"index","follow":"follow","max-snippet":"max-snippet:-1","max-image-preview":"max-image-preview:large","max-video-preview":"max-video-preview:-1"},"canonical":"https:\/\/dssegurosloures.pt\/en\/seguro-protecao-juridica\/","og_locale":"en_GB","og_type":"article","og_title":"Seguro Prote\u00e7\u00e3o Jur\u00eddica - DS SEGUROS LOURES","og_description":"Prote\u00e7\u00e3o Jur\u00eddica Seguro de Seguro de Prote\u00e7\u00e3o Jur\u00eddica Seguro de Prote\u00e7\u00e3o Jur\u00eddica: Apoio Legal Sempre ao Seu Alcance Na DS Seguros Loures, sabemos que quest\u00f5es legais inesperadas podem surgir a qualquer momento, impactando a sua tranquilidade e estabilidade financeira. O Seguro de Prote\u00e7\u00e3o Jur\u00eddica \u00e9 a solu\u00e7\u00e3o ideal para garantir acesso a suporte jur\u00eddico especializado, [&hellip;]","og_url":"https:\/\/dssegurosloures.pt\/en\/seguro-protecao-juridica\/","og_site_name":"DS SEGUROS LOURES","article_publisher":"https:\/\/www.facebook.com\/DSSEGUROSLOURES","article_modified_time":"2024-12-03T15:32:50+00:00","og_image":[{"width":1024,"height":683,"url":"https:\/\/dssegurosloures.pt\/wp-content\/uploads\/2024\/11\/juridico-t.webp","type":"image\/webp"}],"twitter_card":"summary_large_image","twitter_misc":{"Estimated reading time":"2 minutes"},"schema":{"@context":"https:\/\/schema.org","@graph":[{"@type":"WebPage","@id":"https:\/\/dssegurosloures.pt\/en\/seguro-protecao-juridica\/","url":"https:\/\/dssegurosloures.pt\/en\/seguro-protecao-juridica\/","name":"Seguro Prote\u00e7\u00e3o Jur\u00eddica - DS SEGUROS LOURES","isPartOf":{"@id":"https:\/\/dssegurosloures.pt\/en\/#website"},"primaryImageOfPage":{"@id":"https:\/\/dssegurosloures.pt\/en\/seguro-protecao-juridica\/#primaryimage"},"image":{"@id":"https:\/\/dssegurosloures.pt\/en\/seguro-protecao-juridica\/#primaryimage"},"thumbnailUrl":"https:\/\/dssegurosloures.pt\/wp-content\/uploads\/2024\/11\/juridico-t.webp","datePublished":"2024-11-27T11:37:01+00:00","dateModified":"2024-12-03T15:32:50+00:00","breadcrumb":{"@id":"https:\/\/dssegurosloures.pt\/en\/seguro-protecao-juridica\/#breadcrumb"},"inLanguage":"en-GB","potentialAction":[{"@type":"ReadAction","target":["https:\/\/dssegurosloures.pt\/en\/seguro-protecao-juridica\/"]}]},{"@type":"ImageObject","inLanguage":"en-GB","@id":"https:\/\/dssegurosloures.pt\/en\/seguro-protecao-juridica\/#primaryimage","url":"https:\/\/dssegurosloures.pt\/wp-content\/uploads\/2024\/11\/juridico-t.webp","contentUrl":"https:\/\/dssegurosloures.pt\/wp-content\/uploads\/2024\/11\/juridico-t.webp","width":1024,"height":683},{"@type":"BreadcrumbList","@id":"https:\/\/dssegurosloures.pt\/en\/seguro-protecao-juridica\/#breadcrumb","itemListElement":[{"@type":"ListItem","position":1,"name":"In\u00edcio","item":"https:\/\/dssegurosloures.pt\/en\/"},{"@type":"ListItem","position":2,"name":"Seguro Prote\u00e7\u00e3o Jur\u00eddica"}]},{"@type":"WebSite","@id":"https:\/\/dssegurosloures.pt\/en\/#website","url":"https:\/\/dssegurosloures.pt\/en\/","name":"DS SEGUROS LOURES","description":"M\u00e1xima poupan\u00e7a mensal poss\u00edvel para cada cliente","publisher":{"@id":"https:\/\/dssegurosloures.pt\/en\/#organization"},"potentialAction":[{"@type":"SearchAction","target":{"@type":"EntryPoint","urlTemplate":"https:\/\/dssegurosloures.pt\/en\/?s={search_term_string}"},"query-input":{"@type":"PropertyValueSpecification","valueRequired":true,"valueName":"search_term_string"}}],"inLanguage":"en-GB"},{"@type":"Organization","@id":"https:\/\/dssegurosloures.pt\/en\/#organization","name":"DS SEGUROS LOURES","url":"https:\/\/dssegurosloures.pt\/en\/","logo":{"@type":"ImageObject","inLanguage":"en-GB","@id":"https:\/\/dssegurosloures.pt\/en\/#\/schema\/logo\/image\/","url":"https:\/\/dssegurosloures.pt\/wp-content\/uploads\/2024\/11\/logo-dsseguros-loures.webp","contentUrl":"https:\/\/dssegurosloures.pt\/wp-content\/uploads\/2024\/11\/logo-dsseguros-loures.webp","width":297,"height":370,"caption":"DS SEGUROS LOURES"},"image":{"@id":"https:\/\/dssegurosloures.pt\/en\/#\/schema\/logo\/image\/"},"sameAs":["https:\/\/www.facebook.com\/DSSEGUROSLOURES","https:\/\/www.linkedin.com\/company\/dsegurosloures\/","https:\/\/www.instagram.com\/dssegurosloures\/"]}]}},"_links":{"self":[{"href":"https:\/\/dssegurosloures.pt\/en\/wp-json\/wp\/v2\/pages\/9166","targetHints":{"allow":["GET"]}}],"collection":[{"href":"https:\/\/dssegurosloures.pt\/en\/wp-json\/wp\/v2\/pages"}],"about":[{"href":"https:\/\/dssegurosloures.pt\/en\/wp-json\/wp\/v2\/types\/page"}],"author":[{"embeddable":true,"href":"https:\/\/dssegurosloures.pt\/en\/wp-json\/wp\/v2\/users\/1"}],"replies":[{"embeddable":true,"href":"https:\/\/dssegurosloures.pt\/en\/wp-json\/wp\/v2\/comments?post=9166"}],"version-history":[{"count":28,"href":"https:\/\/dssegurosloures.pt\/en\/wp-json\/wp\/v2\/pages\/9166\/revisions"}],"predecessor-version":[{"id":9511,"href":"https:\/\/dssegurosloures.pt\/en\/wp-json\/wp\/v2\/pages\/9166\/revisions\/9511"}],"wp:featuredmedia":[{"embeddable":true,"href":"https:\/\/dssegurosloures.pt\/en\/wp-json\/wp\/v2\/media\/9320"}],"wp:attachment":[{"href":"https:\/\/dssegurosloures.pt\/en\/wp-json\/wp\/v2\/media?parent=9166"}],"curies":[{"name":"wp","href":"https:\/\/api.w.org\/{rel}","templated":true}]}}